{"id":7165,"date":"2021-09-25T14:26:05","date_gmt":"2021-09-25T14:26:05","guid":{"rendered":"https:\/\/gifted-jang.176-31-117-119.plesk.page\/?page_id=7165"},"modified":"2022-05-31T21:51:51","modified_gmt":"2022-05-31T21:51:51","slug":"hazte-socio","status":"publish","type":"page","link":"https:\/\/aeko.es\/ru\/colabora\/hazte-socio\/","title":{"rendered":"\u0421\u0442\u0430\u043d\u044c \u043f\u0430\u0440\u0442\u043d\u0435\u0440\u043e\u043c"},"content":{"rendered":"<div  class=\"ivan-custom-wrapper theme_default\"  style=\"padding-top: 0px;margin-bottom: 0px;\"><div data-vc-full-width=\"true\" data-vc-full-width-init=\"false\" data-vc-stretch-content=\"true\" class=\"vc_row wpb_row vc_row-fluid vc_row-no-padding vc_row-o-equal-height vc_row-o-content-middle vc_row-flex\">\n\t<div class=\"vc_col-sm-12 vc_col-lg-6 wpb_column vc_column_container  wow animated fadeIn vc_custom_1653348207226\"  data-wow-delay=\"0ms\" data-wow-iteration=\"1\" >\n\t\t<div class=\"wpb_wrapper\">\n\t\t\t<div class=\"vc_empty_space\"   style=\"height: 160px\"><span class=\"vc_empty_space_inner\"><\/span><\/div>\n\t<div  class=\"wpb_single_image wpb_content_element vc_align_center\">\n\t\t\n\t\t<figure class=\"wpb_wrapper vc_figure\">\n\t\t\t<a href=\"#\" target=\"_blank\" class=\"vc_single_image-wrapper   vc_box_border_grey\"><img width=\"991\" height=\"349\" src=\"https:\/\/aeko.es\/wp-content\/uploads\/2022\/03\/Logo-AEKO-web.png\" class=\"vc_single_image-img attachment-full\" alt=\"\" loading=\"lazy\" srcset=\"https:\/\/aeko.es\/wp-content\/uploads\/2022\/03\/Logo-AEKO-web.png 991w, https:\/\/aeko.es\/wp-content\/uploads\/2022\/03\/Logo-AEKO-web-480x169.png 480w\" sizes=\"(max-width: 991px) 100vw, 991px\" \/><\/a>\n\t\t<\/figure>\n\t<\/div>\n<div class=\"vc_empty_space\"   style=\"height: 160px\"><span class=\"vc_empty_space_inner\"><\/span><\/div>\n\t\t<\/div> <!-- END .wpb_wrapper -->\n\t<\/div> <!-- END  wpb_column vc_column_container  wow animated fadeIn -->\n\n\t<div class=\"vc_col-sm-6 vc_col-lg-3 wpb_column vc_column_container  wow animated fadeInUp vc_custom_1530116898515\"  data-wow-delay=\"100ms\" data-wow-iteration=\"1\" >\n\t\t<div class=\"wpb_wrapper\">\n\t\t\t\t\t\t<div class=\"ivan-title-main vc_1653348222485\"  data-wow-delay=\"0ms\" data-wow-iteration=\"1\" >\n\t\t\t\t<div class=\"ivan-title-wrapper  left no\">\n\t\t\t\t\t<div class=\"title-wrapper  default-display\">\n\t\t\t\t\t\t\t\t\t\t\t\t<h3 class=\"title-heading\" >\u0421\u0442\u0430\u043d\u044c <span class=\"underline-text-color\">\u043d\u0430\u0448\u0438\u043c<\/span> \u043f\u0430\u0440\u0442\u043d\u0435\u0440\u043e\u043c AEKO<\/h3>\t\t\t\t\t\t\n\t\t\t\t\t\t\t\t\t\t\t<\/div>\n\t\t\t\t<\/div>\n\t\t\t<\/div>\n\t\t\t\n\t<div class=\"wpb_text_column wpb_content_element\" >\n\t\t<div class=\"wpb_wrapper\">\n\t\t\t<p>\u0412\u043c\u0435\u0441\u0442\u0435 \u043c\u044b \u043c\u043e\u0436\u0435\u043c \u043f\u043e\u043b\u043e\u0436\u0438\u0442\u044c \u043a\u043e\u043d\u0435\u0446 \u0443\u0437\u0443\u0440\u043f\u0430\u0446\u0438\u0438 \u0434\u043e\u043c\u043e\u0432 \u0432 \u0418\u0441\u043f\u0430\u043d\u0438\u0438. \u0414\u0430\u0432\u0430\u0439\u0442\u0435 \u0440\u0430\u0431\u043e\u0442\u0430\u0442\u044c \u0442\u0430\u043a, \u0447\u0442\u043e\u0431\u044b \u043f\u0440\u0430\u0432\u0438\u0442\u0435\u043b\u044c\u0441\u0442\u0432\u043e \u043d\u0430\u0441 \u0443\u0441\u043b\u044b\u0448\u0430\u043b\u043e.<br \/>\n\u041f\u0440\u0438\u0441\u043e\u0435\u0434\u0438\u043d\u044f\u0439\u0442\u0435\u0441\u044c \u043a \u043a\u043e\u043b\u043b\u0435\u043a\u0442\u0438\u0432\u043d\u044b\u043c \u0438\u0441\u043a\u0430\u043c \u043f\u0440\u043e\u0442\u0438\u0432 \u043e\u0440\u0433\u0430\u043d\u043e\u0432 \u0433\u043e\u0441\u0443\u0434\u0430\u0440\u0441\u0442\u0432\u0435\u043d\u043d\u043e\u0439 \u0432\u043b\u0430\u0441\u0442\u0438, \u043a\u043e\u0442\u043e\u0440\u044b\u0435 \u0432\u043e\u0437\u0434\u0435\u0440\u0436\u0438\u0432\u0430\u044e\u0442\u0441\u044f \u043e\u0442 \u0434\u0435\u0439\u0441\u0442\u0432\u0438\u0439 \u0438 \u0434\u0430\u0436\u0435 \u0437\u0430\u0449\u0438\u0449\u0430\u044e\u0442 \u0438 \u043f\u043e\u043e\u0449\u0440\u044f\u044e\u0442 \u0441\u043a\u0432\u043e\u0442\u0442\u0438\u043d\u0433.<\/p>\n<p>\u0423\u0447\u0430\u0441\u0442\u0432\u0443\u0439\u0442\u0435 \u0432 \u0433\u0440\u0443\u043f\u043f\u0430\u0445, \u043a\u043e\u0442\u043e\u0440\u044b\u0435 \u0432\u044b \u043f\u0440\u0435\u0434\u043f\u043e\u0447\u0438\u0442\u0430\u0435\u0442\u0435, \u0434\u0435\u043b\u0438\u0442\u0435\u0441\u044c \u0441\u0432\u043e\u0438\u043c\u0438 \u0438\u0434\u0435\u044f\u043c\u0438 \u0438 \u043e\u043f\u044b\u0442\u043e\u043c.<\/p>\n<p>\u0421\u043e\u0437\u0434\u0430\u0439\u0442\u0435 \u043b\u043e\u043a\u0430\u043b\u044c\u043d\u0443\u044e \u0433\u0440\u0443\u043f\u043f\u0443 \u0432 \u0441\u0432\u043e\u0435\u043c \u043c\u0443\u043d\u0438\u0446\u0438\u043f\u0430\u043b\u0438\u0442\u0435\u0442\u0435.<\/p>\n<p>\u0412\u0430\u0448\u0438 \u0443\u0441\u0438\u043b\u0438\u044f \u0432\u0430\u0436\u043d\u044b, \u043f\u0440\u0438\u0441\u043e\u0435\u0434\u0438\u043d\u0438\u0432\u0448\u0438\u0441\u044c \u043a \u043d\u0430\u043c, \u0432\u044b \u0441\u0442\u0430\u043d\u0435\u0442\u0435 \u0441\u0438\u043b\u044c\u043d\u044b\u043c\u0438, \u0432\u0430\u0441 \u0431\u0443\u0434\u0443\u0442 \u0441\u043b\u0443\u0448\u0430\u0442\u044c.<\/p>\n\n\t\t<\/div>\n\t<\/div>\n<div class=\"vc_empty_space\"   style=\"height: 30px\"><span class=\"vc_empty_space_inner\"><\/span><\/div>\n\t\t<\/div> <!-- END .wpb_wrapper -->\n\t<\/div> <!-- END  wpb_column vc_column_container  wow animated fadeInUp -->\n\n\t<div class=\"vc_col-sm-6 vc_col-lg-3 wpb_column vc_column_container  wow animated fadeInUp vc_custom_1569856854428\"  data-wow-delay=\"200ms\" data-wow-iteration=\"1\" >\n\t\t<div class=\"wpb_wrapper\">\n\t\t\t<div class=\"vc_empty_space\"   style=\"height: 60px\"><span class=\"vc_empty_space_inner\"><\/span><\/div>\t\t\t<div class=\"ivan-counter-main vc_1653348243399\"  data-wow-delay=\"0ms\" data-wow-iteration=\"1\" >\n\t\t\t\t<div class=\"ivan-counter-wrapper no clean-color\">\n\t\t\t\t\t<div class=\"counter-wrapper\">\n\t\t\t\t\t\t\t\t\t\t\t\t\t\t\t\t\t\t<h2 id=\"vc_1653348243399-counter\" >\n\t\t\t\t\t\t\t247\t\t\t\t\t\t<\/h2>\n\t\t\t\t\t\t\t\t\t\t\t\t\t\t\t\t\t\t\t<div class=\"sub\">\u041f\u0430\u0440\u0442\u043d\u0435\u0440\u044b  AEKO<\/div>\n\t\t\t\t\t\t\t\t\t\t\t<\/div>\n\t\t\t\t<\/div>\n\t\t\t<\/div>\n\t\t\t<script type=\"text\/javascript\">\n\t\t\t\t\t\tjQuery(document).ready( function() {\n\t\t\t\t\t\t\t\n\t\t\t\tvar options = {\n\t\t\t\t  useEasing : true, \n\t\t\t\t  useGrouping : true, \n\t\t\t\t\u2003\u2003separator : \",\", \n\t\t\t\t\u2003\u2003decimal : \".\",\n\t\t\t\t\u2003\u2003prefix : \"\",\n\t\t\t\t\u2003\u2003suffix : \"\"\n\t\t\t\t}\n\t\t\t\tvar _iv_counter = new countUp(\"vc_1653348243399-counter\", 0, 247, 0, 2.5, options);\n\t\t\t\t\n\t\t\t\tif (typeof jQuery.fn.waypoint !== \"undefined\") {\n\t\t\t\t  jQuery(\"#vc_1653348243399-counter\").parents(\".ivan-counter-wrapper:not(.counter_started)\").waypoint(function () {\n\t\t\t\t  \t_iv_counter.start();\t\t\t\t    \n\t\t\t\t  }, { offset:\"85%\" });\n\t\t\t\t}\n\t\t\t\t});<\/script><div class=\"vc_empty_space\"   style=\"height: 30px\"><span class=\"vc_empty_space_inner\"><\/span><\/div>\n\t<div class=\"wpb_text_column wpb_content_element\" >\n\t\t<div class=\"wpb_wrapper\">\n\t\t\t<p style=\"color: #ffffff; text-align: center;\">\u041a\u0430\u043a \u0447\u043b\u0435\u043d AEKO \u0432\u044b \u043d\u0435 \u043e\u0434\u0438\u043d\u043e\u043a\u0438 \u0432 \u0437\u0430\u0449\u0438\u0442\u0435 \u0441\u0432\u043e\u0438\u0445 \u043f\u0440\u0430\u0432.<\/p>\n\n\t\t<\/div>\n\t<\/div>\n<div class=\"vc_empty_space\"   style=\"height: 60px\"><span class=\"vc_empty_space_inner\"><\/span><\/div>\n\t\t<\/div> <!-- END .wpb_wrapper -->\n\t<\/div> <!-- END  wpb_column vc_column_container  wow animated fadeInUp -->\n<\/div><div class=\"vc_row-full-width vc_clearfix\"><\/div><\/div><div  class=\"ivan-custom-wrapper theme_default row-no-custom-ptop\"  style=\"margin-bottom: 0px;\"><div data-vc-full-width=\"true\" data-vc-full-width-init=\"false\" class=\"vc_row wpb_row vc_row-fluid vc_custom_1632582660680 vc_row-has-fill vc_column-gap-30\">\n\t<div class=\"vc_col-sm-12 wpb_column vc_column_container  wow animated fadeInUp\"  data-wow-delay=\"0ms\" data-wow-iteration=\"1\" >\n\t\t<div class=\"wpb_wrapper\">\n\t\t\t\t\t\t<div class=\"ivan-title-main vc_1632583616303\"  data-wow-delay=\"0ms\" data-wow-iteration=\"1\" >\n\t\t\t\t<div class=\"ivan-title-wrapper  left no\">\n\t\t\t\t\t<div class=\"title-wrapper  default-display\">\n\t\t\t\t\t\t\t\t\t\t\t\t\t<h6 class=\"sub\">\u0417\u0430\u0440\u0435\u0433\u0438\u0441\u0442\u0440\u0438\u0440\u043e\u0432\u0430\u0442\u044c\u0441\u044f<\/h6>\n\t\t\t\t\t\t\t\t\t\t\t\t<h1 class=\"title-heading\" >\u0417\u0430\u043f\u0440\u043e\u0441 \u043d\u0430 \u0440\u0435\u0433\u0438\u0441\u0442\u0440\u0430\u0446\u0438\u044e \u043e \u0441\u043e\u0442\u0440\u0443\u0434\u043d\u0438\u0447\u0435\u0441\u0442\u0432\u0435 <span class=\"underline-text-color\">\u0431\u0435\u0437 \u043a\u043e\u043c\u0438\u0441\u0441\u0438\u0438<\/span><\/h1>\t\t\t\t\t\t\n\t\t\t\t\t\t\t\t\t\t\t<\/div>\n\t\t\t\t<\/div>\n\t\t\t<\/div>\n\t\t\t<div class=\"vc_empty_space\"   style=\"height: 40px\"><span class=\"vc_empty_space_inner\"><\/span><\/div><noscript class=\"ninja-forms-noscript-message\">\n    \u041f\u043e\u043c\u043d\u0438\u0442\u0435: \u0434\u043b\u044f \u044d\u0442\u043e\u0433\u043e \u043a\u043e\u043d\u0442\u0435\u043d\u0442\u0430 \u0442\u0440\u0435\u0431\u0443\u0435\u0442\u0441\u044f JavaScript.<\/noscript><div class=\"row\"><\/div><!--.row--><div id=\"nf-form-2-cont\" class=\"nf-form-cont\" aria-live=\"polite\" aria-labelledby=\"nf-form-title-2\" aria-describedby=\"nf-form-errors-2\" role=\"form\">\n\n    <div class=\"nf-loading-spinner\"><\/div>\n\n<\/div>\n        <!-- TODO: Move to Template File. -->\n        <script>var formDisplay=1;var nfForms=nfForms||[];var form=[];form.id='2';form.settings={\"objectType\":\"Form Setting\",\"editActive\":true,\"title\":\"Alta socios\",\"created_at\":\"2021-09-25 16:39:09\",\"form_title\":\"Questionnaire\",\"default_label_pos\":\"above\",\"show_title\":\"0\",\"clear_complete\":\"1\",\"hide_complete\":\"1\",\"logged_in\":\"0\",\"wrapper_class\":\"\",\"element_class\":\"\",\"key\":\"\",\"add_submit\":\"1\",\"currency\":\"\",\"unique_field_error\":\"A form with this value has already been submitted.\",\"not_logged_in_msg\":\"\",\"sub_limit_msg\":\"The form has reached its submission limit.\",\"calculations\":[],\"formContentData\":[\"nombre_1632580774188\",\"apellidos_1632580789562\",\"email_1523910925640\",\"phone_1632580857797\",\"dni_nie_cif_1632581140785\",\"municipio_1632581096277\",\"provincia_1632581086509\",\"ano_de_nacimiento_1632581071718\",\"acepto_la_politica_de_proteccion_de_datos_1632581464223\",\"enviar_solicitud_de_alta_como_socio_colaborador_sin_cuota_1632581199587\"],\"drawerDisabled\":false,\"allow_public_link\":0,\"embed_form\":\"\",\"changeEmailErrorMsg\":\"\\u0423\\u043a\\u0430\\u0436\\u0438\\u0442\\u0435 \\u0434\\u0435\\u0439\\u0441\\u0442\\u0432\\u0438\\u0442\\u0435\\u043b\\u044c\\u043d\\u044b\\u0439 \\u0430\\u0434\\u0440\\u0435\\u0441 \\u044d\\u043b\\u0435\\u043a\\u0442\\u0440\\u043e\\u043d\\u043d\\u043e\\u0439 \\u043f\\u043e\\u0447\\u0442\\u044b!\",\"changeDateErrorMsg\":\"Please enter a valid date!\",\"confirmFieldErrorMsg\":\"\\u0421\\u043e\\u0434\\u0435\\u0440\\u0436\\u0430\\u043d\\u0438\\u0435 \\u044d\\u0442\\u0438\\u0445 \\u043f\\u043e\\u043b\\u0435\\u0439 \\u0434\\u043e\\u043b\\u0436\\u043d\\u043e \\u0441\\u043e\\u0432\\u043f\\u0430\\u0434\\u0430\\u0442\\u044c!\",\"fieldNumberNumMinError\":\"\\u041c\\u0438\\u043d. \\u043d\\u043e\\u043c\\u0435\\u0440 \\u043e\\u0448\\u0438\\u0431\\u043a\\u0438\",\"fieldNumberNumMaxError\":\"\\u041c\\u0430\\u043a\\u0441. \\u043d\\u043e\\u043c\\u0435\\u0440 \\u043e\\u0448\\u0438\\u0431\\u043a\\u0438\",\"fieldNumberIncrementBy\":\"\\u0423\\u0432\\u0435\\u043b\\u0438\\u0447\\u0438\\u0432\\u0430\\u0439\\u0442\\u0435 \\u0441 \\u0448\\u0430\\u0433\\u043e\\u043c \",\"formErrorsCorrectErrors\":\"\\u0418\\u0441\\u043f\\u0440\\u0430\\u0432\\u044c\\u0442\\u0435 \\u043e\\u0448\\u0438\\u0431\\u043a\\u0438 \\u043f\\u0435\\u0440\\u0435\\u0434 \\u043e\\u0442\\u043f\\u0440\\u0430\\u0432\\u043a\\u043e\\u0439 \\u044d\\u0442\\u043e\\u0439 \\u0444\\u043e\\u0440\\u043c\\u044b.\",\"validateRequiredField\":\"\\u042d\\u0442\\u043e \\u043e\\u0431\\u044f\\u0437\\u0430\\u0442\\u0435\\u043b\\u044c\\u043d\\u043e\\u0435 \\u043f\\u043e\\u043b\\u0435.\",\"honeypotHoneypotError\":\"\\u041e\\u0448\\u0438\\u0431\\u043a\\u0430 Honeypot\",\"fieldsMarkedRequired\":\"\\u041f\\u043e\\u043b\\u044f, \\u043f\\u043e\\u043c\\u0435\\u0447\\u0435\\u043d\\u043d\\u044b\\u0435 \\u0441\\u0438\\u043c\\u0432\\u043e\\u043b\\u043e\\u043c <span class=\\\"ninja-forms-req-symbol\\\">*<\\\/span>, \\u043e\\u0431\\u044f\\u0437\\u0430\\u0442\\u0435\\u043b\\u044c\\u043d\\u044b \\u043a \\u0437\\u0430\\u043f\\u043e\\u043b\\u043d\\u0435\\u043d\\u0438\\u044e\",\"repeatable_fieldsets\":\"\",\"ninjaForms\":\"Ninja Forms\",\"fieldTextareaRTEInsertLink\":\"\\u0412\\u0441\\u0442\\u0430\\u0432\\u0438\\u0442\\u044c \\u0441\\u0441\\u044b\\u043b\\u043a\\u0443\",\"fieldTextareaRTEInsertMedia\":\"\\u0412\\u0441\\u0442\\u0430\\u0432\\u0438\\u0442\\u044c \\u043c\\u0435\\u0434\\u0438\\u0430\\u0444\\u0430\\u0439\\u043b\",\"fieldTextareaRTESelectAFile\":\"\\u0412\\u044b\\u0431\\u0435\\u0440\\u0438\\u0442\\u0435 \\u0444\\u0430\\u0439\\u043b\",\"formHoneypot\":\"\\u0415\\u0441\\u043b\\u0438 \\u0432\\u044b \\u0447\\u0435\\u043b\\u043e\\u0432\\u0435\\u043a, \\u043d\\u0435 \\u0432\\u0432\\u043e\\u0434\\u0438\\u0442\\u0435 \\u0434\\u0430\\u043d\\u043d\\u044b\\u0435 \\u0432 \\u044d\\u0442\\u043e \\u043f\\u043e\\u043b\\u0435.\",\"fileUploadOldCodeFileUploadInProgress\":\"\\u041f\\u0440\\u043e\\u0434\\u043e\\u043b\\u0436\\u0430\\u0435\\u0442\\u0441\\u044f \\u043f\\u0435\\u0440\\u0435\\u0434\\u0430\\u0447\\u0430 \\u0444\\u0430\\u0439\\u043b\\u0430.\",\"fileUploadOldCodeFileUpload\":\"\\u041f\\u0435\\u0440\\u0435\\u0434\\u0430\\u0447\\u0430 \\u0444\\u0430\\u0439\\u043b\\u0430\",\"currencySymbol\":false,\"thousands_sep\":\"&nbsp;\",\"decimal_point\":\",\",\"siteLocale\":\"ru_RU\",\"dateFormat\":\"m\\\/d\\\/Y\",\"startOfWeek\":\"1\",\"of\":\"\\u0438\\u0437\",\"previousMonth\":\"Previous Month\",\"nextMonth\":\"Next Month\",\"months\":[\"January\",\"February\",\"March\",\"April\",\"May\",\"June\",\"July\",\"August\",\"September\",\"October\",\"November\",\"December\"],\"monthsShort\":[\"Jan\",\"Feb\",\"Mar\",\"Apr\",\"May\",\"Jun\",\"Jul\",\"Aug\",\"Sep\",\"Oct\",\"Nov\",\"Dec\"],\"weekdays\":[\"Sunday\",\"Monday\",\"Tuesday\",\"Wednesday\",\"Thursday\",\"Friday\",\"Saturday\"],\"weekdaysShort\":[\"Sun\",\"Mon\",\"Tue\",\"Wed\",\"Thu\",\"Fri\",\"Sat\"],\"weekdaysMin\":[\"Su\",\"Mo\",\"Tu\",\"We\",\"Th\",\"Fr\",\"Sa\"],\"currency_symbol\":\"\",\"beforeForm\":\"\",\"beforeFields\":null,\"afterFields\":null,\"afterForm\":\"\"};form.fields=[{\"objectType\":\"Field\",\"objectDomain\":\"fields\",\"editActive\":false,\"order\":1,\"idAttribute\":\"id\",\"type\":\"firstname\",\"label\":\"Nombre\",\"key\":\"nombre_1632580774188\",\"label_pos\":\"above\",\"required\":1,\"default\":\"\",\"placeholder\":\"\",\"container_class\":\"one-half first\",\"element_class\":\"\",\"admin_label\":\"\",\"help_text\":\"\",\"custom_name_attribute\":\"fname\",\"field_label\":\"First Name\",\"field_key\":\"firstname_1523910710496\",\"personally_identifiable\":1,\"value\":\"\",\"drawerDisabled\":false,\"id\":8,\"beforeField\":\"\",\"afterField\":\"\",\"parentType\":\"firstname\",\"element_templates\":[\"firstname\",\"input\"],\"old_classname\":\"\",\"wrap_template\":\"wrap\"},{\"objectType\":\"Field\",\"objectDomain\":\"fields\",\"editActive\":false,\"order\":2,\"idAttribute\":\"id\",\"type\":\"lastname\",\"label\":\"Apellidos\",\"key\":\"apellidos_1632580789562\",\"label_pos\":\"above\",\"required\":1,\"default\":\"\",\"placeholder\":\"\",\"container_class\":\"one-half second\",\"element_class\":\"\",\"admin_label\":\"\",\"help_text\":\"\",\"custom_name_attribute\":\"lname\",\"drawerDisabled\":false,\"field_label\":\"Last Name\",\"field_key\":\"lastname_1523910710972\",\"personally_identifiable\":1,\"value\":\"\",\"id\":9,\"beforeField\":\"\",\"afterField\":\"\",\"parentType\":\"lastname\",\"element_templates\":[\"lastname\",\"input\"],\"old_classname\":\"\",\"wrap_template\":\"wrap\"},{\"objectType\":\"Field\",\"objectDomain\":\"fields\",\"editActive\":false,\"order\":3,\"idAttribute\":\"id\",\"label\":\"Email\",\"type\":\"email\",\"key\":\"email_1523910925640\",\"label_pos\":\"above\",\"required\":1,\"default\":\"\",\"placeholder\":\"\",\"container_class\":\"\",\"element_class\":\"\",\"admin_label\":\"\",\"help_text\":\"\",\"custom_name_attribute\":\"email\",\"field_label\":\"Email\",\"field_key\":\"email_1523910925640\",\"personally_identifiable\":1,\"value\":\"\",\"drawerDisabled\":false,\"id\":10,\"beforeField\":\"\",\"afterField\":\"\",\"parentType\":\"email\",\"element_templates\":[\"email\",\"input\"],\"old_classname\":\"\",\"wrap_template\":\"wrap\"},{\"objectType\":\"Field\",\"objectDomain\":\"fields\",\"editActive\":false,\"order\":4,\"idAttribute\":\"id\",\"label\":\"Tel\\u00e9fono\",\"type\":\"phone\",\"key\":\"phone_1632580857797\",\"label_pos\":\"above\",\"required\":1,\"default\":\"\",\"placeholder\":\"\",\"container_class\":\"\",\"element_class\":\"\",\"input_limit\":\"\",\"input_limit_type\":\"characters\",\"input_limit_msg\":\"Caracteres restantes\",\"manual_key\":false,\"admin_label\":\"\",\"help_text\":\"\",\"mask\":\"\",\"custom_mask\":\"\",\"custom_name_attribute\":\"phone\",\"personally_identifiable\":1,\"value\":\"\",\"drawerDisabled\":false,\"id\":20,\"beforeField\":\"\",\"afterField\":\"\",\"parentType\":\"textbox\",\"element_templates\":[\"tel\",\"textbox\",\"input\"],\"old_classname\":\"\",\"wrap_template\":\"wrap\"},{\"objectType\":\"Field\",\"objectDomain\":\"fields\",\"editActive\":false,\"order\":5,\"idAttribute\":\"id\",\"label\":\"DNI \\\/ NIE \\\/ CIF (*)\",\"type\":\"firstname\",\"key\":\"dni_nie_cif_1632581140785\",\"label_pos\":\"above\",\"required\":1,\"default\":\"\",\"placeholder\":\"\",\"container_class\":\"\",\"element_class\":\"\",\"admin_label\":\"\",\"help_text\":\"\",\"custom_name_attribute\":\"fname\",\"personally_identifiable\":1,\"value\":\"\",\"drawerDisabled\":false,\"id\":25,\"beforeField\":\"\",\"afterField\":\"\",\"parentType\":\"firstname\",\"element_templates\":[\"firstname\",\"input\"],\"old_classname\":\"\",\"wrap_template\":\"wrap\"},{\"objectType\":\"Field\",\"objectDomain\":\"fields\",\"editActive\":false,\"order\":6,\"idAttribute\":\"id\",\"label\":\"Municipio\",\"type\":\"city\",\"key\":\"municipio_1632581096277\",\"label_pos\":\"above\",\"required\":1,\"default\":\"\",\"placeholder\":\"\",\"container_class\":\"\",\"element_class\":\"\",\"input_limit\":\"\",\"input_limit_type\":\"characters\",\"input_limit_msg\":\"Caracteres restantes\",\"manual_key\":false,\"admin_label\":\"\",\"help_text\":\"\",\"mask\":\"\",\"custom_mask\":\"\",\"custom_name_attribute\":\"city\",\"personally_identifiable\":\"\",\"value\":\"\",\"drawerDisabled\":false,\"id\":22,\"beforeField\":\"\",\"afterField\":\"\",\"parentType\":\"city\",\"element_templates\":[\"city\",\"textbox\",\"input\"],\"old_classname\":\"\",\"wrap_template\":\"wrap\"},{\"objectType\":\"Field\",\"objectDomain\":\"fields\",\"editActive\":false,\"order\":7,\"idAttribute\":\"id\",\"label\":\"Provincia\",\"type\":\"address\",\"key\":\"provincia_1632581086509\",\"label_pos\":\"above\",\"required\":1,\"default\":\"\",\"placeholder\":\"\",\"container_class\":\"\",\"element_class\":\"\",\"input_limit\":\"\",\"input_limit_type\":\"characters\",\"input_limit_msg\":\"Caracteres restantes\",\"manual_key\":false,\"admin_label\":\"\",\"help_text\":\"\",\"mask\":\"\",\"custom_mask\":\"\",\"custom_name_attribute\":\"address\",\"personally_identifiable\":1,\"value\":\"\",\"drawerDisabled\":false,\"id\":23,\"beforeField\":\"\",\"afterField\":\"\",\"parentType\":\"address\",\"element_templates\":[\"address\",\"textbox\",\"input\"],\"old_classname\":\"\",\"wrap_template\":\"wrap\"},{\"objectType\":\"Field\",\"objectDomain\":\"fields\",\"editActive\":false,\"order\":8,\"idAttribute\":\"id\",\"label\":\"A\\u00f1o de nacimiento\",\"type\":\"date\",\"key\":\"ano_de_nacimiento_1632581071718\",\"label_pos\":\"above\",\"required\":1,\"placeholder\":\"\",\"container_class\":\"\",\"element_class\":\"\",\"manual_key\":false,\"admin_label\":\"\",\"help_text\":\"\",\"date_mode\":\"date_only\",\"date_format\":\"default\",\"year_range_start\":\"\",\"year_range_end\":\"\",\"hours_24\":0,\"minute_increment\":5,\"drawerDisabled\":false,\"id\":24,\"beforeField\":\"\",\"afterField\":\"\",\"value\":\"\",\"parentType\":\"date\",\"element_templates\":[\"date\",\"textbox\",\"input\"],\"old_classname\":\"\",\"wrap_template\":\"wrap\"},{\"objectType\":\"Field\",\"objectDomain\":\"fields\",\"editActive\":false,\"order\":9,\"idAttribute\":\"id\",\"type\":\"checkbox\",\"label\":\"Acepto la pol\\u00edtica de protecci\\u00f3n de datos\",\"key\":\"acepto_la_politica_de_proteccion_de_datos_1632581464223\",\"label_pos\":\"right\",\"required\":1,\"container_class\":\"\",\"element_class\":\"\",\"manual_key\":false,\"admin_label\":\"\",\"help_text\":\"\",\"desc_text\":\"\",\"default_value\":\"unchecked\",\"checked_value\":\"Marcado\",\"unchecked_value\":\"Desmarcado\",\"checked_calc_value\":\"\",\"unchecked_calc_value\":\"\",\"drawerDisabled\":false,\"id\":27,\"beforeField\":\"\",\"afterField\":\"\",\"value\":\"\",\"parentType\":\"checkbox\",\"element_templates\":[\"checkbox\",\"input\"],\"old_classname\":\"\",\"wrap_template\":\"wrap\"},{\"objectType\":\"Field\",\"objectDomain\":\"fields\",\"editActive\":false,\"order\":10,\"idAttribute\":\"id\",\"type\":\"submit\",\"label\":\"Enviar solicitud de alta como socio colaborador sin cuota\",\"processing_label\":\"Processing\",\"container_class\":\"\",\"element_class\":\"\",\"key\":\"enviar_solicitud_de_alta_como_socio_colaborador_sin_cuota_1632581199587\",\"field_label\":\"Submit\",\"field_key\":\"submit_1523910734890\",\"drawerDisabled\":false,\"id\":19,\"beforeField\":\"\",\"afterField\":\"\",\"value\":\"\",\"label_pos\":\"above\",\"parentType\":\"textbox\",\"element_templates\":[\"submit\",\"button\",\"input\"],\"old_classname\":\"\",\"wrap_template\":\"wrap-no-label\"}];nfForms.push(form);<\/script>\n        \n\t\t<\/div> <!-- END .wpb_wrapper -->\n\t<\/div> <!-- END  wpb_column vc_column_container  wow animated fadeInUp -->\n<\/div><div class=\"vc_row-full-width vc_clearfix\"><\/div><\/div>","protected":false},"excerpt":{"rendered":"Hazte socio Colaborador AEKO Unidos podemos acabar con la usurpaci\u00f3n de viviendas en Espa\u00f1a. Trabajemos para que nos escuche el Gobierno. \u00danete a las Demandas Colectivas contra las Administraciones P\u00fablicas que se inhiben de actuar e incluso protegen y fomentan la okupaci\u00f3n. Participa en los Grupos de Trabajo que prefieras, aportando tus ideas y tus [...]","protected":false},"author":1,"featured_media":0,"parent":3941,"menu_order":0,"comment_status":"closed","ping_status":"closed","template":"","meta":[],"_links":{"self":[{"href":"https:\/\/aeko.es\/ru\/wp-json\/wp\/v2\/pages\/7165"}],"collection":[{"href":"https:\/\/aeko.es\/ru\/wp-json\/wp\/v2\/pages"}],"about":[{"href":"https:\/\/aeko.es\/ru\/wp-json\/wp\/v2\/types\/page"}],"author":[{"embeddable":true,"href":"https:\/\/aeko.es\/ru\/wp-json\/wp\/v2\/users\/1"}],"replies":[{"embeddable":true,"href":"https:\/\/aeko.es\/ru\/wp-json\/wp\/v2\/comments?post=7165"}],"version-history":[{"count":13,"href":"https:\/\/aeko.es\/ru\/wp-json\/wp\/v2\/pages\/7165\/revisions"}],"predecessor-version":[{"id":7417,"href":"https:\/\/aeko.es\/ru\/wp-json\/wp\/v2\/pages\/7165\/revisions\/7417"}],"up":[{"embeddable":true,"href":"https:\/\/aeko.es\/ru\/wp-json\/wp\/v2\/pages\/3941"}],"wp:attachment":[{"href":"https:\/\/aeko.es\/ru\/wp-json\/wp\/v2\/media?parent=7165"}],"curies":[{"name":"wp","href":"https:\/\/api.w.org\/{rel}","templated":true}]}}