{"id":6255,"date":"2021-03-27T14:51:00","date_gmt":"2021-03-27T11:51:00","guid":{"rendered":"http:\/\/lazer.themes.tvda.pw\/?page_id=6255"},"modified":"2022-05-23T22:27:28","modified_gmt":"2022-05-23T22:27:28","slug":"servicios-y-actividades","status":"publish","type":"page","link":"https:\/\/aeko.es\/ru\/servicios-y-actividades\/","title":{"rendered":"\u0423\u0441\u043b\u0443\u0433\u0438 \u0438 \u0434\u0435\u044f\u0442\u0435\u043b\u044c\u043d\u043e\u0441\u0442\u044c"},"content":{"rendered":"<div  class=\"ivan-custom-wrapper theme_default\"  style=\"padding-top: 0px;margin-bottom: 0px;\"><div class=\"vc_row wpb_row vc_row-fluid\">\n\t<div class=\"vc_col-sm-12 wpb_column vc_column_container\"  data-wow-delay=\"0ms\">\n\t\t<div class=\"wpb_wrapper\">\n\t\t\t<div class=\"vc_empty_space\"   style=\"height: 60px\"><span class=\"vc_empty_space_inner\"><\/span><\/div>\n\t\t<\/div> <!-- END .wpb_wrapper -->\n\t<\/div> <!-- END  wpb_column vc_column_container  -->\n<\/div><\/div><div  class=\"ivan-custom-wrapper theme_default row-no-custom-ptop\"  style=\"margin-bottom: 0px;\"><div data-vc-full-width=\"true\" data-vc-full-width-init=\"false\" data-vc-stretch-content=\"true\" class=\"vc_row wpb_row vc_row-fluid vc_custom_1617304925843 vc_column-gap-30 vc_row-o-equal-height vc_row-o-content-middle vc_row-flex\">\n\t<div class=\"vc_col-sm-9 vc_col-md-6 wpb_column vc_column_container  wow animated fadeInUp vc_custom_1617304936019\"  data-wow-delay=\"0ms\" data-wow-iteration=\"1\" >\n\t\t<div class=\"wpb_wrapper\">\n\t\t\t<div class=\"vc_empty_space\"   style=\"height: 60px\"><span class=\"vc_empty_space_inner\"><\/span><\/div>\t\t\t<div class=\"ivan-title-main vc_1653246812882\"  data-wow-delay=\"0ms\" data-wow-iteration=\"1\" >\n\t\t\t\t<div class=\"ivan-title-wrapper  left no\">\n\t\t\t\t\t<div class=\"title-wrapper  default-display\">\n\t\t\t\t\t\t\t\t\t\t\t\t\t<h6 class=\"sub\">AEKO<\/h6>\n\t\t\t\t\t\t\t\t\t\t\t\t<h3 class=\"title-heading\" >Asesor\u00eda <span class=\"underline-text-color2\">Jur\u00eddica<\/span><\/h3>\t\t\t\t\t\t\n\t\t\t\t\t\t\t\t\t\t\t<\/div>\n\t\t\t\t<\/div>\n\t\t\t<\/div>\n\t\t\t\n\t<div class=\"wpb_text_column wpb_content_element\" >\n\t\t<div class=\"wpb_wrapper\">\n\t\t\t<p>Asesoramiento jur\u00eddico frente a los problemas de okupaci\u00f3n (usurpaci\u00f3n, amenazas, da\u00f1os, inquilinos que se convierten en okupas,&#8230;)<\/p>\n<p>Activaci\u00f3n de procedimientos judiciales (desahucio, reclamaci\u00f3n de cantidad, demanda penal,&#8230;)<\/p>\n<p>Mediaci\u00f3n.<\/p>\n\n\t\t<\/div>\n\t<\/div>\n<div class=\"vc_empty_space\"   style=\"height: 40px\"><span class=\"vc_empty_space_inner\"><\/span><\/div>\n\t\t\t\n\t\t\t\n\t\t\t\n\t\t\t<div class=\"ivan-button-wrapper btn-inline place-template vc_1632586013170\"  data-wow-delay=\"0ms\" data-wow-iteration=\"1\" >\n\t\t\t\t<a href=\"https:\/\/aeko.es\/ru\/contacto\/\" class=\"ivan-button     with-text place-template\"><span class=\"text-btn\">M\u00e1s informaci\u00f3n<\/span><\/a>\n\t\t\t<\/div>\n\n\t\t\t\n\t\t\t<div class=\"vc_empty_space\"   style=\"height: 60px\"><span class=\"vc_empty_space_inner\"><\/span><\/div>\n\t\t<\/div> <!-- END .wpb_wrapper -->\n\t<\/div> <!-- END  wpb_column vc_column_container  wow animated fadeInUp -->\n\n\t<div class=\"vc_col-sm-3 vc_col-md-6 wpb_column vc_column_container  wow animated fadeInUp vc_custom_1653246836550\"  data-wow-delay=\"150ms\" data-wow-iteration=\"1\" >\n\t\t<div class=\"wpb_wrapper\">\n\t\t\t\n\t\t<\/div> <!-- END .wpb_wrapper -->\n\t<\/div> <!-- END  wpb_column vc_column_container  wow animated fadeInUp -->\n<\/div><div class=\"vc_row-full-width vc_clearfix\"><\/div><\/div><div  class=\"ivan-custom-wrapper theme_default row-no-custom-ptop\"  style=\"margin-bottom: 0px;\"><div data-vc-full-width=\"true\" data-vc-full-width-init=\"false\" data-vc-stretch-content=\"true\" class=\"vc_row wpb_row vc_row-fluid vc_custom_1617304956871 vc_column-gap-30 vc_row-o-equal-height vc_row-o-content-middle vc_row-flex\">\n\t<div class=\"vc_col-sm-3 vc_col-md-6 wpb_column vc_column_container  wow animated fadeInUp vc_custom_1653246901673\"  data-wow-delay=\"0ms\" data-wow-iteration=\"1\" >\n\t\t<div class=\"wpb_wrapper\">\n\t\t\t\n\t\t<\/div> <!-- END .wpb_wrapper -->\n\t<\/div> <!-- END  wpb_column vc_column_container  wow animated fadeInUp -->\n\n\t<div class=\"vc_col-sm-9 vc_col-md-6 wpb_column vc_column_container  wow animated fadeInUp vc_custom_1617304948671\"  data-wow-delay=\"150ms\" data-wow-iteration=\"1\" >\n\t\t<div class=\"wpb_wrapper\">\n\t\t\t<div class=\"vc_empty_space\"   style=\"height: 60px\"><span class=\"vc_empty_space_inner\"><\/span><\/div>\t\t\t<div class=\"ivan-title-main vc_1653247067731\"  data-wow-delay=\"0ms\" data-wow-iteration=\"1\" >\n\t\t\t\t<div class=\"ivan-title-wrapper  left no\">\n\t\t\t\t\t<div class=\"title-wrapper  default-display\">\n\t\t\t\t\t\t\t\t\t\t\t\t\t<h6 class=\"sub\">AEKO<\/h6>\n\t\t\t\t\t\t\t\t\t\t\t\t<h3 class=\"title-heading\" >Registro de <span class=\"underline-text-color\">Inquiokupa<\/span><\/h3>\t\t\t\t\t\t\n\t\t\t\t\t\t\t\t\t\t\t<\/div>\n\t\t\t\t<\/div>\n\t\t\t<\/div>\n\t\t\t\n\t<div class=\"wpb_text_column wpb_content_element\" >\n\t\t<div class=\"wpb_wrapper\">\n\t\t\t<p>\u041f\u043e\u0434\u0434\u0435\u0440\u0436\u043a\u0430 \u044d\u0442\u043e\u0433\u043e \u043f\u0440\u0430\u0432\u0438\u0442\u0435\u043b\u044c\u0441\u0442\u0432\u0430 \u0441\u043a\u0432\u043e\u0442\u0442\u0435\u0440\u0441\u043a\u043e\u043c\u0443 \u0434\u0432\u0438\u0436\u0435\u043d\u0438\u044e \u043f\u043e\u0431\u0443\u0434\u0438\u043b\u0430 \u0430\u0440\u0435\u043d\u0434\u0430\u0442\u043e\u0440\u043e\u0432 \u0441\u0442\u0430\u0442\u044c \u0434\u043e\u043b\u0436\u043d\u0438\u043a\u043e\u043c.<\/p>\n<p>\u041d\u0435\u043f\u043b\u0430\u0442\u0435\u043b\u044c\u0449\u0438\u043a \u043c\u043e\u0436\u0435\u0442 \u0431\u044b\u0442\u044c \u0432\u043a\u043b\u044e\u0447\u0435\u043d\u0430 \u0432 \u0440\u0435\u0435\u0441\u0442\u0440 \u043f\u0440\u0430\u0432\u043e\u043d\u0430\u0440\u0443\u0448\u0435\u043d\u0438\u0439.<\/p>\n<p>AEKO \u043e\u0431\u043b\u0435\u0433\u0447\u0430\u0435\u0442 \u0441\u0432\u043e\u0438\u043c \u043f\u0430\u0440\u0442\u043d\u0435\u0440\u0430\u043c \u0432\u043a\u043b\u044e\u0447\u0435\u043d\u0438\u0435 \u0438\u0445 \u043f\u0440\u043e\u0441\u0440\u043e\u0447\u0435\u043d\u043d\u044b\u0445 \u0430\u0440\u0435\u043d\u0434\u0430\u0442\u043e\u0440\u043e\u0432 \u0432 \u0444\u0430\u0439\u043b ICIRED \u043d\u0430 \u0432\u044b\u0433\u043e\u0434\u043d\u044b\u0445 \u0443\u0441\u043b\u043e\u0432\u0438\u044f\u0445.<\/p>\n\n\t\t<\/div>\n\t<\/div>\n<div class=\"vc_empty_space\"   style=\"height: 40px\"><span class=\"vc_empty_space_inner\"><\/span><\/div>\n\t\t\t\n\t\t\t\n\t\t\t\n\t\t\t<div class=\"ivan-button-wrapper btn-inline place-template vc_1632586043713\"  data-wow-delay=\"0ms\" data-wow-iteration=\"1\" >\n\t\t\t\t<a href=\"https:\/\/aeko.es\/ru\/contacto\/\" class=\"ivan-button     with-text place-template\"><span class=\"text-btn\">M\u00e1s informaci\u00f3n<\/span><\/a>\n\t\t\t<\/div>\n\n\t\t\t\n\t\t\t<div class=\"vc_empty_space\"   style=\"height: 60px\"><span class=\"vc_empty_space_inner\"><\/span><\/div>\n\t\t<\/div> <!-- END .wpb_wrapper -->\n\t<\/div> <!-- END  wpb_column vc_column_container  wow animated fadeInUp -->\n<\/div><div class=\"vc_row-full-width vc_clearfix\"><\/div><\/div><div  class=\"ivan-custom-wrapper theme_default row-no-custom-ptop\"  style=\"margin-bottom: 0px;\"><div data-vc-full-width=\"true\" data-vc-full-width-init=\"false\" data-vc-stretch-content=\"true\" class=\"vc_row wpb_row vc_row-fluid vc_custom_1617304992571 vc_column-gap-30 vc_row-o-equal-height vc_row-o-content-middle vc_row-flex\">\n\t<div class=\"vc_col-sm-9 vc_col-md-6 wpb_column vc_column_container  wow animated fadeInUp vc_custom_1617304997542\"  data-wow-delay=\"0ms\" data-wow-iteration=\"1\" >\n\t\t<div class=\"wpb_wrapper\">\n\t\t\t<div class=\"vc_empty_space\"   style=\"height: 60px\"><span class=\"vc_empty_space_inner\"><\/span><\/div>\t\t\t<div class=\"ivan-title-main vc_1653246987266\"  data-wow-delay=\"0ms\" data-wow-iteration=\"1\" >\n\t\t\t\t<div class=\"ivan-title-wrapper  left no\">\n\t\t\t\t\t<div class=\"title-wrapper  default-display\">\n\t\t\t\t\t\t\t\t\t\t\t\t\t<h6 class=\"sub\">AEKO<\/h6>\n\t\t\t\t\t\t\t\t\t\t\t\t<h3 class=\"title-heading\" >\u041a\u043e\u043d\u0444\u0435\u0440\u0435\u043d\u0446\u0438\u0438 <\/h3>\t\t\t\t\t\t\n\t\t\t\t\t\t\t\t\t\t\t<\/div>\n\t\t\t\t<\/div>\n\t\t\t<\/div>\n\t\t\t\n\t<div class=\"wpb_text_column wpb_content_element\" >\n\t\t<div class=\"wpb_wrapper\">\n\t\t\t<p>En las Conferencias explicamos c\u00f3mo se enfrenta la okupaci\u00f3n en un Estado de Derecho.<\/p>\n<p>En las conferencias AEKO descubrir\u00e1s que nuestra democracia dispone de las herramientas adecuadas para resolver los problemas, pero hay grupos que desean someter a la sociedad a su voluntad.<\/p>\n<p>La informaci\u00f3n es el primer paso hacia la soluci\u00f3n.<\/p>\n\n\t\t<\/div>\n\t<\/div>\n<div class=\"vc_empty_space\"   style=\"height: 40px\"><span class=\"vc_empty_space_inner\"><\/span><\/div>\n\t\t\t\n\t\t\t\n\t\t\t\n\t\t\t<div class=\"ivan-button-wrapper btn-inline place-template vc_1632586033786\"  data-wow-delay=\"0ms\" data-wow-iteration=\"1\" >\n\t\t\t\t<a href=\"https:\/\/aeko.es\/ru\/contacto\/\" class=\"ivan-button     with-text place-template\"><span class=\"text-btn\">M\u00e1s informaci\u00f3n<\/span><\/a>\n\t\t\t<\/div>\n\n\t\t\t\n\t\t\t<div class=\"vc_empty_space\"   style=\"height: 60px\"><span class=\"vc_empty_space_inner\"><\/span><\/div>\n\t\t<\/div> <!-- END .wpb_wrapper -->\n\t<\/div> <!-- END  wpb_column vc_column_container  wow animated fadeInUp -->\n\n\t<div class=\"vc_col-sm-3 vc_col-md-6 wpb_column vc_column_container  wow animated fadeInUp vc_custom_1653247103211\"  data-wow-delay=\"150ms\" data-wow-iteration=\"1\" >\n\t\t<div class=\"wpb_wrapper\">\n\t\t\t\n\t\t<\/div> <!-- END .wpb_wrapper -->\n\t<\/div> <!-- END  wpb_column vc_column_container  wow animated fadeInUp -->\n<\/div><div class=\"vc_row-full-width vc_clearfix\"><\/div><\/div><div  class=\"ivan-custom-wrapper theme_default row-no-custom-ptop\"  style=\"margin-bottom: 0px;\"><\/div><div  class=\"ivan-custom-wrapper theme_default row-no-custom-ptop\"  style=\"margin-bottom: 0px;\"><\/div><div  class=\"ivan-custom-wrapper theme_default row-no-custom-ptop\"  style=\"margin-bottom: 0px;\"><\/div><div  class=\"ivan-custom-wrapper theme_default row-no-custom-ptop\"  style=\"margin-bottom: 0px;\"><\/div><div  class=\"ivan-custom-wrapper theme_default row-no-custom-ptop\"  style=\"margin-bottom: 0px;\"><\/div><div  class=\"ivan-custom-wrapper theme_default row-no-custom-ptop\"  style=\"margin-bottom: 0px;\"><\/div>","protected":false},"excerpt":{"rendered":"AEKO Asesor\u00eda Jur\u00eddica Asesoramiento jur\u00eddico frente a los problemas de okupaci\u00f3n (usurpaci\u00f3n, amenazas, da\u00f1os, inquilinos que se convierten en okupas,...) Activaci\u00f3n de procedimientos judiciales (desahucio, reclamaci\u00f3n de cantidad, demanda penal,...) Mediaci\u00f3n. M\u00e1s informaci\u00f3n AEKO Registro de Inquiokupa El amparo de este Gobierno al movimiento okupa ha animado a inquilinos a convertirse en inquiokupas. El inquiokupa [...]","protected":false},"author":1,"featured_media":0,"parent":0,"menu_order":0,"comment_status":"closed","ping_status":"closed","template":"","meta":[],"_links":{"self":[{"href":"https:\/\/aeko.es\/ru\/wp-json\/wp\/v2\/pages\/6255"}],"collection":[{"href":"https:\/\/aeko.es\/ru\/wp-json\/wp\/v2\/pages"}],"about":[{"href":"https:\/\/aeko.es\/ru\/wp-json\/wp\/v2\/types\/page"}],"author":[{"embeddable":true,"href":"https:\/\/aeko.es\/ru\/wp-json\/wp\/v2\/users\/1"}],"replies":[{"embeddable":true,"href":"https:\/\/aeko.es\/ru\/wp-json\/wp\/v2\/comments?post=6255"}],"version-history":[{"count":24,"href":"https:\/\/aeko.es\/ru\/wp-json\/wp\/v2\/pages\/6255\/revisions"}],"predecessor-version":[{"id":7389,"href":"https:\/\/aeko.es\/ru\/wp-json\/wp\/v2\/pages\/6255\/revisions\/7389"}],"wp:attachment":[{"href":"https:\/\/aeko.es\/ru\/wp-json\/wp\/v2\/media?parent=6255"}],"curies":[{"name":"wp","href":"https:\/\/api.w.org\/{rel}","templated":true}]}}