{"id":3941,"date":"2018-09-03T14:47:07","date_gmt":"2018-09-03T14:47:07","guid":{"rendered":"http:\/\/lzr.webtm.ru\/?page_id=3941"},"modified":"2022-05-23T23:21:46","modified_gmt":"2022-05-23T23:21:46","slug":"colabora","status":"publish","type":"page","link":"https:\/\/aeko.es\/ru\/colabora\/","title":{"rendered":"\u0421\u043e\u0442\u0440\u0443\u0434\u043d\u0438\u0447\u0435\u0441\u0442\u0432\u043e"},"content":{"rendered":"<div  class=\"ivan-custom-wrapper theme_default\"  style=\"padding-top: 0px;margin-bottom: 0px;\"><div data-vc-full-width=\"true\" data-vc-full-width-init=\"false\" data-vc-stretch-content=\"true\" class=\"vc_row wpb_row vc_row-fluid vc_row-no-padding vc_row-o-equal-height vc_row-o-content-middle vc_row-flex\">\n\t<div class=\"vc_col-sm-12 vc_col-lg-6 wpb_column vc_column_container  wow animated fadeIn vc_custom_1653347776135\"  data-wow-delay=\"0ms\" data-wow-iteration=\"1\" >\n\t\t<div class=\"wpb_wrapper\">\n\t\t\t<div class=\"vc_empty_space\"   style=\"height: 160px\"><span class=\"vc_empty_space_inner\"><\/span><\/div>\n\t<div  class=\"wpb_single_image wpb_content_element vc_align_center\">\n\t\t\n\t\t<figure class=\"wpb_wrapper vc_figure\">\n\t\t\t<a href=\"#\" target=\"_blank\" class=\"vc_single_image-wrapper   vc_box_border_grey\"><img width=\"991\" height=\"349\" src=\"https:\/\/aeko.es\/wp-content\/uploads\/2022\/03\/Logo-AEKO-web.png\" class=\"vc_single_image-img attachment-full\" alt=\"\" loading=\"lazy\" srcset=\"https:\/\/aeko.es\/wp-content\/uploads\/2022\/03\/Logo-AEKO-web.png 991w, https:\/\/aeko.es\/wp-content\/uploads\/2022\/03\/Logo-AEKO-web-480x169.png 480w\" sizes=\"(max-width: 991px) 100vw, 991px\" \/><\/a>\n\t\t<\/figure>\n\t<\/div>\n<div class=\"vc_empty_space\"   style=\"height: 160px\"><span class=\"vc_empty_space_inner\"><\/span><\/div>\n\t\t<\/div> <!-- END .wpb_wrapper -->\n\t<\/div> <!-- END  wpb_column vc_column_container  wow animated fadeIn -->\n\n\t<div class=\"vc_col-sm-6 vc_col-lg-3 wpb_column vc_column_container  wow animated fadeInUp vc_custom_1530116898515\"  data-wow-delay=\"100ms\" data-wow-iteration=\"1\" >\n\t\t<div class=\"wpb_wrapper\">\n\t\t\t\t\t\t<div class=\"ivan-title-main vc_1653347788248\"  data-wow-delay=\"0ms\" data-wow-iteration=\"1\" >\n\t\t\t\t<div class=\"ivan-title-wrapper  left no\">\n\t\t\t\t\t<div class=\"title-wrapper  default-display\">\n\t\t\t\t\t\t\t\t\t\t\t\t<h3 class=\"title-heading\" >\u0421\u0442\u0430\u043d\u044c <span class=\"underline-text-color\">\u043d\u0430\u0448\u0438\u043c<\/span> \u043f\u0430\u0440\u0442\u043d\u0435\u0440\u043e\u043c AEKO<\/h3>\t\t\t\t\t\t\n\t\t\t\t\t\t\t\t\t\t\t<\/div>\n\t\t\t\t<\/div>\n\t\t\t<\/div>\n\t\t\t\n\t<div class=\"wpb_text_column wpb_content_element\" >\n\t\t<div class=\"wpb_wrapper\">\n\t\t\t<p>\u0412\u043c\u0435\u0441\u0442\u0435 \u043c\u044b \u043c\u043e\u0436\u0435\u043c \u043f\u043e\u043b\u043e\u0436\u0438\u0442\u044c \u043a\u043e\u043d\u0435\u0446 \u0443\u0437\u0443\u0440\u043f\u0430\u0446\u0438\u0438 \u0434\u043e\u043c\u043e\u0432 \u0432 \u0418\u0441\u043f\u0430\u043d\u0438\u0438. \u0414\u0430\u0432\u0430\u0439\u0442\u0435 \u0440\u0430\u0431\u043e\u0442\u0430\u0442\u044c \u0442\u0430\u043a, \u0447\u0442\u043e\u0431\u044b \u043f\u0440\u0430\u0432\u0438\u0442\u0435\u043b\u044c\u0441\u0442\u0432\u043e \u043d\u0430\u0441 \u0443\u0441\u043b\u044b\u0448\u0430\u043b\u043e.<br \/>\n\u041f\u0440\u0438\u0441\u043e\u0435\u0434\u0438\u043d\u044f\u0439\u0442\u0435\u0441\u044c \u043a \u043a\u043e\u043b\u043b\u0435\u043a\u0442\u0438\u0432\u043d\u044b\u043c \u0438\u0441\u043a\u0430\u043c \u043f\u0440\u043e\u0442\u0438\u0432 \u043e\u0440\u0433\u0430\u043d\u043e\u0432 \u0433\u043e\u0441\u0443\u0434\u0430\u0440\u0441\u0442\u0432\u0435\u043d\u043d\u043e\u0439 \u0432\u043b\u0430\u0441\u0442\u0438, \u043a\u043e\u0442\u043e\u0440\u044b\u0435 \u0432\u043e\u0437\u0434\u0435\u0440\u0436\u0438\u0432\u0430\u044e\u0442\u0441\u044f \u043e\u0442 \u0434\u0435\u0439\u0441\u0442\u0432\u0438\u0439 \u0438 \u0434\u0430\u0436\u0435 \u0437\u0430\u0449\u0438\u0449\u0430\u044e\u0442 \u0438 \u043f\u043e\u043e\u0449\u0440\u044f\u044e\u0442 \u0441\u043a\u0432\u043e\u0442\u0442\u0438\u043d\u0433.<\/p>\n<p>\u0423\u0447\u0430\u0441\u0442\u0432\u0443\u0439\u0442\u0435 \u0432 \u0433\u0440\u0443\u043f\u043f\u0430\u0445, \u043a\u043e\u0442\u043e\u0440\u044b\u0435 \u0432\u044b \u043f\u0440\u0435\u0434\u043f\u043e\u0447\u0438\u0442\u0430\u0435\u0442\u0435, \u0434\u0435\u043b\u0438\u0442\u0435\u0441\u044c \u0441\u0432\u043e\u0438\u043c\u0438 \u0438\u0434\u0435\u044f\u043c\u0438 \u0438 \u043e\u043f\u044b\u0442\u043e\u043c.<\/p>\n<p>\u0421\u043e\u0437\u0434\u0430\u0439\u0442\u0435 \u043b\u043e\u043a\u0430\u043b\u044c\u043d\u0443\u044e \u0433\u0440\u0443\u043f\u043f\u0443 \u0432 \u0441\u0432\u043e\u0435\u043c \u043c\u0443\u043d\u0438\u0446\u0438\u043f\u0430\u043b\u0438\u0442\u0435\u0442\u0435.<\/p>\n<p>\u0412\u0430\u0448\u0438 \u0443\u0441\u0438\u043b\u0438\u044f \u0432\u0430\u0436\u043d\u044b, \u043f\u0440\u0438\u0441\u043e\u0435\u0434\u0438\u043d\u0438\u0432\u0448\u0438\u0441\u044c \u043a \u043d\u0430\u043c, \u0432\u044b \u0441\u0442\u0430\u043d\u0435\u0442\u0435 \u0441\u0438\u043b\u044c\u043d\u044b\u043c\u0438, \u0432\u0430\u0441 \u0431\u0443\u0434\u0443\u0442 \u0441\u043b\u0443\u0448\u0430\u0442\u044c.<\/p>\n\n\t\t<\/div>\n\t<\/div>\n<div class=\"vc_empty_space\"   style=\"height: 30px\"><span class=\"vc_empty_space_inner\"><\/span><\/div>\n\t\t\t\n\t\t\t\n\t\t\t\n\t\t\t<div class=\"ivan-button-wrapper btn-inline primary-bg vc_1632575819720\"  data-wow-delay=\"0ms\" data-wow-iteration=\"1\" >\n\t\t\t\t<a href=\"http:\/\/lazer.themes.tvda.pw\" class=\"ivan-button     with-text primary-bg\"><span class=\"text-btn\">\u0421\u0442\u0430\u043d\u044c \u043f\u0430\u0440\u0442\u043d\u0435\u0440\u043e\u043c<\/span><\/a>\n\t\t\t<\/div>\n\n\t\t\t\n\t\t\t\n\t\t<\/div> <!-- END .wpb_wrapper -->\n\t<\/div> <!-- END  wpb_column vc_column_container  wow animated fadeInUp -->\n\n\t<div class=\"vc_col-sm-6 vc_col-lg-3 wpb_column vc_column_container  wow animated fadeInUp vc_custom_1569856854428\"  data-wow-delay=\"200ms\" data-wow-iteration=\"1\" >\n\t\t<div class=\"wpb_wrapper\">\n\t\t\t<div class=\"vc_empty_space\"   style=\"height: 60px\"><span class=\"vc_empty_space_inner\"><\/span><\/div>\t\t\t<div class=\"ivan-counter-main vc_1653347809662\"  data-wow-delay=\"0ms\" data-wow-iteration=\"1\" >\n\t\t\t\t<div class=\"ivan-counter-wrapper no clean-color\">\n\t\t\t\t\t<div class=\"counter-wrapper\">\n\t\t\t\t\t\t\t\t\t\t\t\t\t\t\t\t\t\t<h2 id=\"vc_1653347809662-counter\" >\n\t\t\t\t\t\t\t247\t\t\t\t\t\t<\/h2>\n\t\t\t\t\t\t\t\t\t\t\t\t\t\t\t\t\t\t\t<div class=\"sub\">\u041f\u0430\u0440\u0442\u043d\u0435\u0440\u044b  AEKO<\/div>\n\t\t\t\t\t\t\t\t\t\t\t<\/div>\n\t\t\t\t<\/div>\n\t\t\t<\/div>\n\t\t\t<script type=\"text\/javascript\">\n\t\t\t\t\t\tjQuery(document).ready( function() {\n\t\t\t\t\t\t\t\n\t\t\t\tvar options = {\n\t\t\t\t  useEasing : true, \n\t\t\t\t  useGrouping : true, \n\t\t\t\t\u2003\u2003separator : \",\", \n\t\t\t\t\u2003\u2003decimal : \".\",\n\t\t\t\t\u2003\u2003prefix : \"\",\n\t\t\t\t\u2003\u2003suffix : \"\"\n\t\t\t\t}\n\t\t\t\tvar _iv_counter = new countUp(\"vc_1653347809662-counter\", 0, 247, 0, 2.5, options);\n\t\t\t\t\n\t\t\t\tif (typeof jQuery.fn.waypoint !== \"undefined\") {\n\t\t\t\t  jQuery(\"#vc_1653347809662-counter\").parents(\".ivan-counter-wrapper:not(.counter_started)\").waypoint(function () {\n\t\t\t\t  \t_iv_counter.start();\t\t\t\t    \n\t\t\t\t  }, { offset:\"85%\" });\n\t\t\t\t}\n\t\t\t\t});<\/script><div class=\"vc_empty_space\"   style=\"height: 30px\"><span class=\"vc_empty_space_inner\"><\/span><\/div>\n\t<div class=\"wpb_text_column wpb_content_element\" >\n\t\t<div class=\"wpb_wrapper\">\n\t\t\t<p style=\"color: #ffffff; text-align: center;\">\u041a\u0430\u043a \u0447\u043b\u0435\u043d AEKO \u0432\u044b \u043d\u0435 \u043e\u0434\u0438\u043d\u043e\u043a\u0438 \u0432 \u0437\u0430\u0449\u0438\u0442\u0435 \u0441\u0432\u043e\u0438\u0445 \u043f\u0440\u0430\u0432.<\/p>\n\n\t\t<\/div>\n\t<\/div>\n<div class=\"vc_empty_space\"   style=\"height: 60px\"><span class=\"vc_empty_space_inner\"><\/span><\/div>\n\t\t<\/div> <!-- END .wpb_wrapper -->\n\t<\/div> <!-- END  wpb_column vc_column_container  wow animated fadeInUp -->\n<\/div><div class=\"vc_row-full-width vc_clearfix\"><\/div><\/div><div  class=\"ivan-custom-wrapper theme_default row-no-custom-ptop\"  style=\"margin-bottom: 0px;\"><div data-vc-full-width=\"true\" data-vc-full-width-init=\"false\" data-vc-stretch-content=\"true\" class=\"vc_row wpb_row vc_row-fluid vc_row-no-padding vc_row-o-equal-height vc_row-o-content-middle vc_row-flex\">\n\t<div class=\"vc_col-sm-6 vc_col-lg-3 wpb_column vc_column_container  wow animated fadeInUp vc_custom_1653347851936\"  data-wow-delay=\"0ms\" data-wow-iteration=\"1\" >\n\t\t<div class=\"wpb_wrapper\">\n\t\t\t<div class=\"vc_empty_space\"   style=\"height: 420px\"><span class=\"vc_empty_space_inner\"><\/span><\/div>\n\t<div class=\"wpb_text_column wpb_content_element\" >\n\t\t<div class=\"wpb_wrapper\">\n\t\t\t\n\t\t<\/div>\n\t<\/div>\n<div class=\"vc_empty_space\"   style=\"height: 60px\"><span class=\"vc_empty_space_inner\"><\/span><\/div>\n\t\t<\/div> <!-- END .wpb_wrapper -->\n\t<\/div> <!-- END  wpb_column vc_column_container  wow animated fadeInUp -->\n\n\t<div class=\"vc_col-sm-6 vc_col-lg-3 wpb_column vc_column_container  wow animated fadeInUp vc_custom_1617309025794\"  data-wow-delay=\"100ms\" data-wow-iteration=\"1\" >\n\t\t<div class=\"wpb_wrapper\">\n\t\t\t\t\t\t<div class=\"ivan-title-main vc_1632576623290\"  data-wow-delay=\"0ms\" data-wow-iteration=\"1\" >\n\t\t\t\t<div class=\"ivan-title-wrapper  left no\">\n\t\t\t\t\t<div class=\"title-wrapper  default-display\">\n\t\t\t\t\t\t\t\t\t\t\t\t\t<h6 class=\"sub\">\u0412\u043c\u0435\u0441\u0442\u0435 \u043c\u044b \u0441\u0438\u043b\u044c\u043d\u0435\u0435!<\/h6>\n\t\t\t\t\t\t\t\t\t\t\t\t<h3 class=\"title-heading\" >\u0414\u0430\u0432\u0430\u0439\u0442\u0435 \u0431\u043e\u0440\u043e\u0442\u044c\u0441\u044f <span class=\"underline-text-color2\">\u043f\u0440\u043e\u0442\u0438\u0432 \u043e\u043a\u043a\u0443\u043f\u0430\u0446\u0438\u0438 <\/span>\u0432 \u0418\u0441\u043f\u0430\u043d\u0438\u0438<\/h3>\t\t\t\t\t\t\n\t\t\t\t\t\t\t\t\t\t\t<\/div>\n\t\t\t\t<\/div>\n\t\t\t<\/div>\n\t\t\t\t\t\t<div class=\"ivan-counter-main vc_1653347862406\"  data-wow-delay=\"0ms\" data-wow-iteration=\"1\" >\n\t\t\t\t<div class=\"ivan-counter-wrapper no clean-color\">\n\t\t\t\t\t<div class=\"counter-wrapper\">\n\t\t\t\t\t\t\t\t\t\t\t\t\t\t\t\t\t\t<h2 id=\"vc_1653347862406-counter\" >\n\t\t\t\t\t\t\t326\t\t\t\t\t\t<\/h2>\n\t\t\t\t\t\t\t\t\t\t\t\t\t\t\t\t\t\t\t<div class=\"sub\">\u0412\u0437\u043d\u043e\u0441\u044b \u0432 \u043f\u043e\u043b\u044c\u0437\u0443 AEKO<\/div>\n\t\t\t\t\t\t\t\t\t\t\t<\/div>\n\t\t\t\t<\/div>\n\t\t\t<\/div>\n\t\t\t<script type=\"text\/javascript\">\n\t\t\t\t\t\tjQuery(document).ready( function() {\n\t\t\t\t\t\t\t\n\t\t\t\tvar options = {\n\t\t\t\t  useEasing : true, \n\t\t\t\t  useGrouping : true, \n\t\t\t\t\u2003\u2003separator : \",\", \n\t\t\t\t\u2003\u2003decimal : \".\",\n\t\t\t\t\u2003\u2003prefix : \"\",\n\t\t\t\t\u2003\u2003suffix : \"\"\n\t\t\t\t}\n\t\t\t\tvar _iv_counter = new countUp(\"vc_1653347862406-counter\", 0, 326, 0, 2.5, options);\n\t\t\t\t\n\t\t\t\tif (typeof jQuery.fn.waypoint !== \"undefined\") {\n\t\t\t\t  jQuery(\"#vc_1653347862406-counter\").parents(\".ivan-counter-wrapper:not(.counter_started)\").waypoint(function () {\n\t\t\t\t  \t_iv_counter.start();\t\t\t\t    \n\t\t\t\t  }, { offset:\"85%\" });\n\t\t\t\t}\n\t\t\t\t});<\/script><div class=\"vc_empty_space\"   style=\"height: 10px\"><span class=\"vc_empty_space_inner\"><\/span><\/div>\n\t\t<\/div> <!-- END .wpb_wrapper -->\n\t<\/div> <!-- END  wpb_column vc_column_container  wow animated fadeInUp -->\n\n\t<div class=\"vc_col-sm-12 vc_col-lg-6 wpb_column vc_column_container  wow animated fadeInUp vc_custom_1617309030008\"  data-wow-delay=\"200ms\" data-wow-iteration=\"1\" >\n\t\t<div class=\"wpb_wrapper\">\n\t\t\t\t\t\t<div class=\"ivan-title-main vc_1632576233403\"  data-wow-delay=\"0ms\" data-wow-iteration=\"1\" >\n\t\t\t\t<div class=\"ivan-title-wrapper  left no\">\n\t\t\t\t\t<div class=\"title-wrapper  default-display\">\n\t\t\t\t\t\t\t\t\t\t\t\t\t<h6 class=\"sub\">\u0412\u0430\u0448\u0430 \u043f\u043e\u043c\u043e\u0449\u044c \u043f\u043e\u0437\u0432\u043e\u043b\u044f\u0435\u0442 \u043d\u0430\u043c \u0431\u043e\u0440\u043e\u0442\u044c\u0441\u044f \u0437\u0430 \u0442\u043e, \u0447\u0442\u043e\u0431\u044b \u043f\u043e\u043b\u043e\u0436\u0438\u0442\u044c \u043a\u043e\u043d\u0435\u0446 \u0441\u043a\u0432\u043e\u0442\u0442\u0438\u043d\u0433\u0443 \u0432 \u0418\u0441\u043f\u0430\u043d\u0438\u0438.<\/h6>\n\t\t\t\t\t\t\t\t\t\t\t\t<h2 class=\"title-heading\" ><span class=\"underline-text-color\">\u0412\u0437\u043d\u043e\u0441\u044b<\/span>.<\/h2>\t\t\t\t\t\t\n\t\t\t\t\t\t\t\t\t\t\t<\/div>\n\t\t\t\t<\/div>\n\t\t\t<\/div>\n\t\t\t\n\t<div class=\"wpb_text_column wpb_content_element\" >\n\t\t<div class=\"wpb_wrapper\">\n\t\t\t<p style=\"color: #fff;\">\u0425\u043e\u0442\u0438\u0442\u0435 \u0432\u043d\u0435\u0441\u0442\u0438 \u0432\u0437\u043d\u043e\u0441 \u0438 \u0441\u043e\u0442\u0440\u0443\u0434\u043d\u0438\u0447\u0430\u0442\u044c \u0441 \u043f\u0440\u043e\u0435\u043a\u0442\u043e\u043c AEKO?<\/p>\n<p><span style=\"color: #ffffff;\">\u041d\u0430\u043c \u043d\u0443\u0436\u043d\u0430 \u0432\u0430\u0448\u0430 \u043f\u043e\u0434\u0434\u0435\u0440\u0436\u043a\u0430, \u0447\u0442\u043e\u0431\u044b \u043f\u0440\u043e\u0434\u043e\u043b\u0436\u0430\u0442\u044c \u0440\u0430\u0441\u0442\u0438 \u0438 \u0437\u0430\u043f\u0443\u0441\u043a\u0430\u0442\u044c \u0440\u044f\u0434 \u0434\u0435\u0439\u0441\u0442\u0432\u0438\u0439, \u0438\u0441\u043f\u043e\u043b\u044c\u0437\u0443\u0435\u043c\u044b\u0445 \u0434\u043b\u044f \u0431\u043e\u0440\u044c\u0431\u044b \u0441 \u0431\u0435\u0434\u0441\u0442\u0432\u0438\u0435\u043c \u0441\u043a\u0432\u043e\u0442\u0442\u0438\u043d\u0433\u0430 \u0432 \u0418\u0441\u043f\u0430\u043d\u0438\u0438.<\/span><\/p>\n\n\t\t<\/div>\n\t<\/div>\n<div class=\"vc_empty_space\"   style=\"height: 30px\"><span class=\"vc_empty_space_inner\"><\/span><\/div>\n\t\t\t\n\t\t\t\n\t\t\t\n\t\t\t<div class=\"ivan-button-wrapper btn-inline primary-bg vc_1632576288699\"  data-wow-delay=\"0ms\" data-wow-iteration=\"1\" >\n\t\t\t\t<a href=\"http:\/\/lazer.themes.tvda.pw\" class=\"ivan-button     with-text primary-bg\"><span class=\"text-btn\">\u0412\u0437\u043d\u043e\u0441<\/span><\/a>\n\t\t\t<\/div>\n\n\t\t\t\n\t\t\t\n\t\t<\/div> <!-- END .wpb_wrapper -->\n\t<\/div> <!-- END  wpb_column vc_column_container  wow animated fadeInUp -->\n<\/div><div class=\"vc_row-full-width vc_clearfix\"><\/div><\/div><div  class=\"ivan-custom-wrapper theme_default row-no-custom-ptop\"  style=\"margin-bottom: 0px;\"><div data-vc-full-width=\"true\" data-vc-full-width-init=\"false\" data-vc-stretch-content=\"true\" class=\"vc_row wpb_row vc_row-fluid vc_row-no-padding vc_row-o-equal-height vc_row-o-content-middle vc_row-flex\">\n\t<div class=\"vc_col-sm-12 vc_col-lg-6 wpb_column vc_column_container  wow animated fadeInUp vc_custom_1617309077266\"  data-wow-delay=\"0ms\" data-wow-iteration=\"1\" >\n\t\t<div class=\"wpb_wrapper\">\n\t\t\t\n\t<div class=\"wpb_text_column wpb_content_element\" >\n\t\t<div class=\"wpb_wrapper\">\n\t\t\t<p class=\"subtitle\" style=\"text-align: center;\">\u041f\u0440\u043e\u0433\u0440\u0430\u043c\u043c\u0430 \u043a\u043e\u043d\u0444\u0435\u0440\u0435\u043d\u0446\u0438\u0439 AEKO<\/p>\n\n\t\t<\/div>\n\t<\/div>\n\n\t<div class=\"wpb_text_column wpb_content_element\" >\n\t\t<div class=\"wpb_wrapper\">\n\t\t\t<h4 style=\"font-size: 46px; text-align: center; color: #fff;\">\u0423\u0447\u0430\u0432\u0441\u0442\u0432\u0443\u0439 <span class=\"underline-text-color2\">\u0423\u0447\u0430\u0432\u0441\u0442\u0432\u0443\u0439 \u0432 \u043a\u043e\u043d\u0444\u0435\u0440\u0435\u043d\u0446\u0438\u0438 AEKO<\/span>.<\/h4>\n<p style=\"text-align: center;\"><span style=\"color: #ffffff;\">AEKO \u043f\u0440\u043e\u0432\u043e\u0434\u0438\u0442 \u043a\u043e\u043d\u0444\u0435\u0440\u0435\u043d\u0446\u0438\u0438, \u0447\u0442\u043e\u0431\u044b \u0440\u0430\u0441\u0441\u043a\u0430\u0437\u0430\u0442\u044c \u043e \u0441\u0438\u0442\u0443\u0430\u0446\u0438\u0438, \u043f\u0440\u043e\u0431\u043b\u0435\u043c\u0430\u0445 \u0438 \u0440\u0435\u0448\u0435\u043d\u0438\u044f\u0445 \u044d\u0442\u043e\u0439 \u0431\u043e\u043b\u044c\u0448\u043e\u0439 \u043f\u0440\u043e\u0431\u043b\u0435\u043c\u044b, \u043a\u043e\u0442\u043e\u0440\u0430\u044f \u043d\u0430\u043d\u043e\u0441\u0438\u0442 \u0442\u0430\u043a\u043e\u0439 \u0431\u043e\u043b\u044c\u0448\u043e\u0439 \u0443\u0449\u0435\u0440\u0431.<\/span><\/p>\n<p style=\"text-align: center;\"><span style=\"color: #ffffff;\">\u042d\u0442\u0430 \u0438\u043d\u0444\u043e\u0440\u043c\u0430\u0446\u0438\u044f \u043d\u0435\u043e\u0431\u0445\u043e\u0434\u0438\u043c\u0430 \u0434\u043b\u044f \u043f\u043e\u043d\u0438\u043c\u0430\u043d\u0438\u044f \u0441\u043b\u043e\u0436\u043d\u043e\u0441\u0442\u0438 \u043f\u0440\u043e\u0431\u043b\u0435\u043c\u044b \u043e\u043a\u043a\u0443\u043f\u0430\u0446\u0438\u0438 \u0438 \u043f\u0443\u0442\u0435\u0439 \u0435\u0435 \u0440\u0435\u0448\u0435\u043d\u0438\u044f.<\/span><\/p>\n\n\t\t<\/div>\n\t<\/div>\n<div class=\"vc_empty_space\"   style=\"height: 60px\"><span class=\"vc_empty_space_inner\"><\/span><\/div>\n\t\t<\/div> <!-- END .wpb_wrapper -->\n\t<\/div> <!-- END  wpb_column vc_column_container  wow animated fadeInUp -->\n\n\t<div class=\"vc_col-sm-6 vc_col-lg-3 wpb_column vc_column_container  wow animated fadeInUp vc_custom_1653347913916\"  data-wow-delay=\"100ms\" data-wow-iteration=\"1\" >\n\t\t<div class=\"wpb_wrapper\">\n\t\t\t\n\t\t<\/div> <!-- END .wpb_wrapper -->\n\t<\/div> <!-- END  wpb_column vc_column_container  wow animated fadeInUp -->\n\n\t<div class=\"vc_col-sm-6 vc_col-lg-3 wpb_column vc_column_container  wow animated fadeInUp vc_custom_1617309087903\"  data-wow-delay=\"200ms\" data-wow-iteration=\"1\" >\n\t\t<div class=\"wpb_wrapper\">\n\t\t\t\t\t\t<div class=\"ivan-title-main vc_1653347931522\"  data-wow-delay=\"0ms\" data-wow-iteration=\"1\" >\n\t\t\t\t<div class=\"ivan-title-wrapper  left no\">\n\t\t\t\t\t<div class=\"title-wrapper  default-display\">\n\t\t\t\t\t\t\t\t\t\t\t\t<h3 class=\"title-heading\" >\u0415\u0441\u043b\u0438 \u0432\u044b \u0437\u0430\u0438\u043d\u0442\u0435\u0440\u0435\u0441\u043e\u0432\u0430\u043d\u044b \u0432 <span class=\"underline-text-color\">\u043e\u0440\u0433\u0430\u043d\u0438\u0437\u0430\u0446\u0438\u0438 \u0438\u043b\u0438 \u0441\u043f\u043e\u043d\u0441\u043e\u0440\u0441\u0442\u0432\u0435 \u043a\u043e\u043d\u0444\u0435\u0440\u0435\u043d\u0446\u0438\u0438 AEKO,<\/span>\u043f\u043e\u0436\u0430\u043b\u0443\u0439\u0441\u0442\u0430, \u0441\u0432\u044f\u0436\u0438\u0442\u0435\u0441\u044c \u0441 \u043d\u0430\u043c\u0438.<\/h3>\t\t\t\t\t\t\n\t\t\t\t\t\t\t\t\t\t\t<\/div>\n\t\t\t\t<\/div>\n\t\t\t<\/div>\n\t\t\t<div class=\"vc_empty_space\"   style=\"height: 30px\"><span class=\"vc_empty_space_inner\"><\/span><\/div>\n\t\t\t\n\t\t\t\n\t\t\t\n\t\t\t<div class=\"ivan-button-wrapper btn-inline primary-bg vc_1632579394844\"  data-wow-delay=\"0ms\" data-wow-iteration=\"1\" >\n\t\t\t\t<a href=\"http:\/\/lazer.themes.tvda.pw\" class=\"ivan-button     with-text primary-bg\"><span class=\"text-btn\">\u0420\u0435\u0430\u043b\u0438\u0437\u043e\u0432\u0430\u0442\u044c \u043a\u043e\u043d\u0444\u0435\u0440\u0435\u043d\u0446\u0438\u044e<\/span><\/a>\n\t\t\t<\/div>\n\n\t\t\t\n\t\t\t\n\t\t<\/div> <!-- END .wpb_wrapper -->\n\t<\/div> <!-- END  wpb_column vc_column_container  wow animated fadeInUp -->\n<\/div><div class=\"vc_row-full-width vc_clearfix\"><\/div><\/div>","protected":false},"excerpt":{"rendered":"Hazte socio Colaborador AEKO Unidos podemos acabar con la usurpaci\u00f3n de viviendas en Espa\u00f1a. Trabajemos para que nos escuche el Gobierno. \u00danete a las Demandas Colectivas contra las Administraciones P\u00fablicas que se inhiben de actuar e incluso protegen y fomentan la okupaci\u00f3n. Participa en los Grupos de Trabajo que prefieras, aportando tus ideas y tus [...]","protected":false},"author":1,"featured_media":0,"parent":0,"menu_order":0,"comment_status":"closed","ping_status":"closed","template":"","meta":[],"_links":{"self":[{"href":"https:\/\/aeko.es\/ru\/wp-json\/wp\/v2\/pages\/3941"}],"collection":[{"href":"https:\/\/aeko.es\/ru\/wp-json\/wp\/v2\/pages"}],"about":[{"href":"https:\/\/aeko.es\/ru\/wp-json\/wp\/v2\/types\/page"}],"author":[{"embeddable":true,"href":"https:\/\/aeko.es\/ru\/wp-json\/wp\/v2\/users\/1"}],"replies":[{"embeddable":true,"href":"https:\/\/aeko.es\/ru\/wp-json\/wp\/v2\/comments?post=3941"}],"version-history":[{"count":23,"href":"https:\/\/aeko.es\/ru\/wp-json\/wp\/v2\/pages\/3941\/revisions"}],"predecessor-version":[{"id":7400,"href":"https:\/\/aeko.es\/ru\/wp-json\/wp\/v2\/pages\/3941\/revisions\/7400"}],"wp:attachment":[{"href":"https:\/\/aeko.es\/ru\/wp-json\/wp\/v2\/media?parent=3941"}],"curies":[{"name":"wp","href":"https:\/\/api.w.org\/{rel}","templated":true}]}}