{"id":1354,"date":"2017-08-21T19:55:08","date_gmt":"2017-08-21T19:55:08","guid":{"rendered":"http:\/\/september.themes.tvda.pw\/?page_id=1354"},"modified":"2022-05-31T21:44:53","modified_gmt":"2022-05-31T21:44:53","slug":"la-asociacion","status":"publish","type":"page","link":"https:\/\/aeko.es\/ru\/la-asociacion\/","title":{"rendered":"\u0410\u0441\u0441\u043e\u0446\u0438\u0430\u0446\u0438\u044f"},"content":{"rendered":"<div  class=\"ivan-custom-wrapper theme_default row-no-custom-ptop\"  style=\"margin-bottom: 0px;\"><div class=\"vc_row wpb_row vc_row-fluid vc_custom_1621777208820 vc_column-gap-30 vc_row-o-content-middle vc_row-flex\">\n\t<div class=\"vc_col-sm-12 wpb_column vc_column_container\"  data-wow-delay=\"0ms\">\n\t\t<div class=\"wpb_wrapper\">\n\t\t\t\t\t\t<div class=\"ivan-title-main vc_1641234639296  wow animated fadeInUp\"  data-wow-delay=\"0ms\" data-wow-iteration=\"1\" >\n\t\t\t\t<div class=\"ivan-title-wrapper  left no\">\n\t\t\t\t\t<div class=\"title-wrapper  default-display\">\n\t\t\t\t\t\t\t\t\t\t\t\t\t<h6 class=\"sub\">\u041d\u0430\u0448\u0438 \u0446\u0435\u043b\u0438:<\/h6>\n\t\t\t\t\t\t\t\t\t\t\t\t<h2 class=\"title-heading\" >1 \u0414\u043e\u0431\u0438\u0442\u044c\u0441\u044f \u0437\u043e\u043a\u043e\u043d\u043e\u0434\u0430\u0442\u0435\u043b\u044c\u043d\u043e\u0439 \u0440\u0435\u0444\u043e\u0440\u043c\u044b, \u043a\u043e\u0442\u043e\u0440\u0430\u044f \u043f\u043e\u043b\u043e\u0436\u0438\u0442 \u043a\u043e\u043d\u0435\u0446 \u0441\u043a\u0432\u043e\u0442\u0442\u0438\u043d\u0433\u0443.<\/h2>\t\t\t\t\t\t\n\t\t\t\t\t\t\t\t\t\t\t<\/div>\n\t\t\t\t<\/div>\n\t\t\t<\/div>\n\t\t\t\t\t\t<div class=\"ivan-title-main vc_1641234649606  wow animated fadeInUp\"  data-wow-delay=\"0ms\" data-wow-iteration=\"1\" >\n\t\t\t\t<div class=\"ivan-title-wrapper  left no\">\n\t\t\t\t\t<div class=\"title-wrapper  default-display\">\n\t\t\t\t\t\t\t\t\t\t\t\t<h2 class=\"title-heading\" >2 \u0414\u043e\u043a\u0443\u043c\u0435\u043d\u0442\u0430\u043b\u044c\u043d\u043e\u0435 \u043f\u043e\u0434\u0442\u0432\u0435\u0440\u0436\u0434\u0435\u043d\u0438\u0435 \u0434\u043b\u044f \u0432\u043e\u0437\u043c\u0435\u0449\u0435\u043d\u0438\u044f \u0443\u0449\u0435\u0440\u0431\u0430, \u043d\u0430\u043d\u0435\u0441\u0451\u043d\u043d\u043e\u0433\u043e \u043e\u043a\u043a\u0443\u043f\u0430\u043d\u0442\u0430\u043c\u0438.<\/h2>\t\t\t\t\t\t\n\t\t\t\t\t\t\t\t\t\t\t<\/div>\n\t\t\t\t<\/div>\n\t\t\t<\/div>\n\t\t\t\t\t\t<div class=\"ivan-title-main vc_1641234663346  wow animated fadeInUp\"  data-wow-delay=\"0ms\" data-wow-iteration=\"1\" >\n\t\t\t\t<div class=\"ivan-title-wrapper  left no\">\n\t\t\t\t\t<div class=\"title-wrapper  default-display\">\n\t\t\t\t\t\t\t\t\t\t\t\t<h2 class=\"title-heading\" >3 \u041a\u043e\u043d\u0441\u0443\u043b\u044c\u0442\u0438\u0440\u043e\u0432\u0430\u0442\u044c \u0438 \u043f\u043e\u0434\u0434\u0435\u0440\u0436\u0438\u0432\u0430\u0442\u044c \u0442\u0435\u0445, \u043a\u0442\u043e \u043f\u043e\u0441\u0442\u0440\u0430\u0434\u0430\u043b \u043e\u0442 \u0441\u043a\u0432\u043e\u0442\u0442\u0438\u043d\u0433\u0430.<\/h2>\t\t\t\t\t\t\n\t\t\t\t\t\t\t\t\t\t\t<\/div>\n\t\t\t\t<\/div>\n\t\t\t<\/div>\n\t\t\t\t\t\t<div class=\"ivan-title-main vc_1641234678815  wow animated fadeInUp\"  data-wow-delay=\"0ms\" data-wow-iteration=\"1\" >\n\t\t\t\t<div class=\"ivan-title-wrapper  left no\">\n\t\t\t\t\t<div class=\"title-wrapper  default-display\">\n\t\t\t\t\t\t\t\t\t\t\t\t<h2 class=\"title-heading\" >4.\u041f\u0440\u043e\u0442\u0438\u0432\u043e\u0441\u0442\u043e\u044f\u0442\u044c \u043f\u0440\u043e\u0431\u043b\u0435\u043c\u0435 \u043e\u043a\u043a\u0443\u043f\u0430\u0446\u0438\u0438.<\/h2>\t\t\t\t\t\t\n\t\t\t\t\t\t\t\t\t\t\t<\/div>\n\t\t\t\t<\/div>\n\t\t\t<\/div>\n\t\t\t\n\t\t<\/div> <!-- END .wpb_wrapper -->\n\t<\/div> <!-- END  wpb_column vc_column_container  -->\n<\/div><\/div><div  class=\"ivan-custom-wrapper theme_default row-no-custom-ptop\"  style=\"margin-bottom: 0px;\"><\/div><div  class=\"ivan-custom-wrapper theme_default row-no-custom-ptop\"  style=\"margin-bottom: 0px;\"><div data-vc-full-width=\"true\" data-vc-full-width-init=\"false\" class=\"vc_row wpb_row vc_row-fluid vc_custom_1632585290074 vc_column-gap-30 vc_row-o-equal-height vc_row-o-content-middle vc_row-flex\">\n\t<div class=\"vc_col-sm-6 wpb_column vc_column_container\"  data-wow-delay=\"0ms\" data-wow-iteration=\"1\" >\n\t\t<div class=\"wpb_wrapper\">\n\t\t\t<div class=\"vc_empty_space\"   style=\"height: 20px\"><span class=\"vc_empty_space_inner\"><\/span><\/div>\t\t\t<div class=\"ivan-title-main vc_1641234708776  wow animated fadeInUp\"  data-wow-delay=\"0ms\" data-wow-iteration=\"1\" >\n\t\t\t\t<div class=\"ivan-title-wrapper  left no\">\n\t\t\t\t\t<div class=\"title-wrapper  default-display\">\n\t\t\t\t\t\t\t\t\t\t\t\t<h2 class=\"title-heading\" >\u041f\u043e\u0441\u0442\u0440\u0430\u0434\u0430\u0432\u0448\u0438\u0435 \u043e\u0442 \u043e\u043a\u043a\u0443\u043f\u0430\u0446\u0438\u0438, \u0432\u044b \u043d\u0435 \u043e\u0434\u0438\u043d\u043e\u043a\u0438. <\/h2>\t\t\t\t\t\t\n\t\t\t\t\t\t\t\t\t\t\t\t\t<div class=\"ivan-vc-separator small left\"><\/div>\n\t\t\t\t\t\t\t\t\t\t\t<\/div>\n\t\t\t\t<\/div>\n\t\t\t<\/div>\n\t\t\t\n\t<div class=\"wpb_text_column wpb_content_element  wpb_animate_when_almost_visible wpb_fadeInUp fadeInUp\" >\n\t\t<div class=\"wpb_wrapper\">\n\t\t\t<p>\u041c\u044b \u0434\u0432\u0438\u0436\u0438\u043c \u0432\u0441\u0435\u043c\u0438 \u043c\u0435\u0445\u0430\u043d\u0438\u0437\u043c\u0430\u043c\u0438 \u0432 \u043f\u0440\u0435\u0434\u0435\u043b\u0430\u0445 \u0437\u0430\u043a\u043e\u043d\u0430, \u0447\u0442\u043e\u0431\u044b \u043f\u0440\u0430\u0432\u0430 \u043f\u043e\u0441\u0442\u0440\u0430\u0434\u0430\u0432\u0448\u0438\u0445 \u0431\u044b\u043b\u0438 \u043f\u0440\u0438\u0437\u043d\u0430\u043d\u044b, \u0430 \u0443\u0449\u0435\u0440\u0431, \u043f\u0440\u0438\u0447\u0438\u043d\u0435\u043d\u043d\u044b\u0439 \u0441\u043a\u0432\u043e\u0442\u0442\u0438\u043d\u0433\u043e\u043c, \u0431\u044b\u043b \u0432\u043e\u0437\u043c\u0435\u0449\u0435\u043d.<\/p>\n<p>\u041c\u044b \u0434\u043e\u043b\u0436\u043d\u044b \u0438\u0437\u043c\u0435\u043d\u0438\u0442\u044c \u0437\u0430\u043a\u043e\u043d\u044b, \u0447\u0442\u043e\u0431\u044b \u043f\u043e\u043b\u043e\u0436\u0438\u0442\u044c \u043a\u043e\u043d\u0435\u0446 \u0441\u043a\u0432\u043e\u0442\u0442\u0438\u043d\u0433\u0443, \u0431\u0435\u0437 \u0441\u043e\u043c\u043d\u0435\u043d\u0438\u044f. \u041d\u043e \u043c\u044b \u0442\u0430\u043a\u0436\u0435 \u0434\u043e\u043b\u0436\u043d\u044b \u0442\u0440\u0435\u0431\u043e\u0432\u0430\u0442\u044c \u043e\u0442\u0432\u0435\u0442\u0441\u0442\u0432\u0435\u043d\u043d\u043e\u0441\u0442\u0438 \u043e\u0442 \u0432\u0441\u0435\u0445 \u0442\u0435\u0445, \u043b\u044e\u0434\u0435\u0439 \u0438 \u0443\u0447\u0440\u0435\u0436\u0434\u0435\u043d\u0438\u0439, \u043a\u043e\u0442\u043e\u0440\u044b\u0435 \u0432 \u044d\u0442\u043e\u043c \u0432\u043e\u043f\u0440\u043e\u0441\u0435 \u0434\u0435\u0439\u0441\u0442\u0432\u0443\u044e\u0442 \u0441 \u043d\u0435\u0443\u0432\u0430\u0436\u0435\u043d\u0438\u0435\u043c \u043a \u0437\u0430\u043a\u043e\u043d\u0430\u043c, \u043f\u043e\u0434\u0441\u0442\u0440\u0435\u043a\u0430\u0442\u0435\u043b\u044c\u0441\u0442\u0432\u043e\u043c \u043a \u043f\u0440\u0435\u0441\u0442\u0443\u043f\u043b\u0435\u043d\u0438\u044e \u0438\u043b\u0438 \u0443\u043a\u043b\u043e\u043d\u0435\u043d\u0438\u0435\u043c \u043e\u0442 \u0441\u0432\u043e\u0438\u0445 \u043f\u043e\u0437\u0438\u0446\u0438\u0439.<\/p>\n\n\t\t<\/div>\n\t<\/div>\n<div class=\"vc_empty_space\"   style=\"height: 30px\"><span class=\"vc_empty_space_inner\"><\/span><\/div>\n\t<div class=\"wpb_text_column wpb_content_element  wpb_animate_when_almost_visible wpb_fadeInUp fadeInUp\" >\n\t\t<div class=\"wpb_wrapper\">\n\t\t\t<h5>\u0410\u0434\u043c\u0438\u043d\u0438\u0441\u0442\u0440\u0430\u0446\u0438\u044f \u043c\u043e\u0436\u0435\u0442 \u0438 \u0434\u043e\u043b\u0436\u043d\u0430 \u0432\u044b\u0441\u0442\u0443\u043f\u0430\u0442\u044c \u043f\u0440\u043e\u0442\u0438\u0432 \u0441\u043a\u0432\u043e\u0442\u0442\u0438\u043d\u0433\u0430.<\/h5>\n<p>\u041a\u043e\u0433\u0434\u0430 \u043e\u043d\u0438 \u0437\u0430\u0438\u043d\u0442\u0435\u0440\u0435\u0441\u043e\u0432\u0430\u043d\u044b, \u043e\u043d\u0438 \u0440\u0435\u0448\u0430\u044e\u0442 \u043f\u0440\u043e\u0431\u043b\u0435\u043c\u0443 \u043d\u0435\u043c\u0435\u0434\u043b\u0435\u043d\u043d\u043e. \u041d\u043e \u043a\u043e\u0433\u0434\u0430 \u043f\u043e\u0441\u0442\u0440\u0430\u0434\u0430\u0432\u0448\u0438\u043c\u0438 \u044f\u0432\u043b\u044f\u044e\u0442\u0441\u044f \u0433\u0440\u0430\u0436\u0434\u0430\u043d\u0435, \u043e\u043d\u0438 \u043e\u0441\u0442\u0430\u0432\u043b\u044f\u044e\u0442 \u0438\u0445 \u0431\u0440\u043e\u0448\u0435\u043d\u043d\u044b\u043c\u0438. \u0415\u0441\u0442\u044c \u0438\u0441\u043a\u043b\u044e\u0447\u0435\u043d\u0438\u044f, \u0432 AEKO \u043c\u044b \u0431\u0443\u0434\u0435\u043c \u0440\u0430\u0431\u043e\u0442\u0430\u0442\u044c \u043d\u0430\u0434 \u0442\u0435\u043c, \u0447\u0442\u043e\u0431\u044b \u0437\u0430\u0449\u0438\u0449\u0430\u043b\u0438 \u043f\u0440\u0430\u0432\u0430 \u043f\u043e\u0441\u0442\u0440\u0430\u0434\u0430\u0432\u0448\u0438\u0445.<\/p>\n\n\t\t<\/div>\n\t<\/div>\n\n\t\t<\/div> <!-- END .wpb_wrapper -->\n\t<\/div> <!-- END  wpb_column vc_column_container  -->\n\n\t<div class=\"vc_col-sm-1 wpb_column vc_column_container\"  data-wow-delay=\"0ms\">\n\t\t<div class=\"wpb_wrapper\">\n\t\t\t\n\t\t<\/div> <!-- END .wpb_wrapper -->\n\t<\/div> <!-- END  wpb_column vc_column_container  -->\n\n\t<div class=\"vc_col-sm-5 vc_col-md-offset-0 vc_col-sm-offset-0 vc_hidden-xs wpb_column vc_column_container  vc_custom_1632585280022\"  data-wow-delay=\"0ms\" data-wow-iteration=\"1\" >\n\t\t<div class=\"wpb_wrapper\">\n\t\t\t\n\t\t<\/div> <!-- END .wpb_wrapper -->\n\t<\/div> <!-- END  wpb_column vc_column_container  -->\n<\/div><div class=\"vc_row-full-width vc_clearfix\"><\/div><\/div><div  class=\"ivan-custom-wrapper theme_default row-no-custom-ptop\"  style=\"margin-bottom: 0px;\"><div data-vc-full-width=\"true\" data-vc-full-width-init=\"false\" class=\"vc_row wpb_row vc_row-fluid vc_custom_1632585586345 vc_row-has-fill vc_column-gap-30 vc_row-o-equal-height vc_row-o-content-middle vc_row-flex\">\n\t<div class=\"vc_col-sm-5 vc_col-md-offset-0 vc_col-sm-offset-0 vc_hidden-xs wpb_column vc_column_container  vc_custom_1653246580907\"  data-wow-delay=\"0ms\" data-wow-iteration=\"1\" >\n\t\t<div class=\"wpb_wrapper\">\n\t\t\t<div class=\"vc_empty_space\"   style=\"height: 500px\"><span class=\"vc_empty_space_inner\"><\/span><\/div>\n\t\t<\/div> <!-- END .wpb_wrapper -->\n\t<\/div> <!-- END  wpb_column vc_column_container  -->\n\n\t<div class=\"vc_col-sm-1 wpb_column vc_column_container\"  data-wow-delay=\"0ms\">\n\t\t<div class=\"wpb_wrapper\">\n\t\t\t\n\t\t<\/div> <!-- END .wpb_wrapper -->\n\t<\/div> <!-- END  wpb_column vc_column_container  -->\n\n\t<div class=\"vc_col-sm-6 wpb_column vc_column_container\"  data-wow-delay=\"0ms\" data-wow-iteration=\"1\" >\n\t\t<div class=\"wpb_wrapper\">\n\t\t\t\t\t\t<div class=\"ivan-title-main vc_1653246672376  wow animated fadeInUp\"  data-wow-delay=\"0ms\" data-wow-iteration=\"1\" >\n\t\t\t\t<div class=\"ivan-title-wrapper  left no\">\n\t\t\t\t\t<div class=\"title-wrapper  default-display\">\n\t\t\t\t\t\t\t\t\t\t\t\t<h2 class=\"title-heading\" >\u0420\u043e\u0441\u0442 \u0441\u043a\u0432\u043e\u0442\u0442\u0438\u043d\u0433\u043e\u0432\u044b\u0445 \u043c\u0430\u0444\u0438\u0439, \u0437\u0430\u043d\u0438\u043c\u0430\u044e\u0449\u0438\u0445\u0441\u044f \u0432\u044b\u043c\u043e\u0433\u0430\u0442\u0435\u043b\u044c\u0441\u0442\u0432\u043e\u043c \u0434\u043e\u043c\u043e\u0432\u043b\u0430\u0434\u0435\u043b\u044c\u0446\u0435\u0432.<\/h2>\t\t\t\t\t\t\n\t\t\t\t\t\t\t\t\t\t\t\t\t<div class=\"ivan-vc-separator small left\"><\/div>\n\t\t\t\t\t\t\t\t\t\t\t<\/div>\n\t\t\t\t<\/div>\n\t\t\t<\/div>\n\t\t\t<div class=\"vc_empty_space\"   style=\"height: 30px\"><span class=\"vc_empty_space_inner\"><\/span><\/div>\n\t<div class=\"wpb_text_column wpb_content_element  wpb_animate_when_almost_visible wpb_fadeInUp fadeInUp\" >\n\t\t<div class=\"wpb_wrapper\">\n\t\t\t<h3><strong>\u041e\u043a\u043a\u0443\u043f\u0430\u0446\u0438\u044f \u043d\u0430\u043d\u043e\u0441\u0438\u0442 \u0443\u0449\u0435\u0440\u0431.\u00a0<\/strong><\/h3>\n<p>\u041e\u043a\u043a\u0443\u043f\u0430\u0446\u0438\u044f \u043d\u0430\u043d\u043e\u0441\u0438\u0442 \u043c\u0430\u0442\u0435\u0440\u0438\u0430\u043b\u044c\u043d\u044b\u0439 \u0443\u0449\u0435\u0440\u0431 \u0436\u0438\u043b\u043e\u043c\u0443 \u043f\u043e\u043c\u0435\u0449\u0435\u043d\u0438\u044e. \u041f\u043e\u0442\u0435\u0440\u044f \u0441\u0442\u043e\u0438\u043c\u043e\u0441\u0442\u0438 \u043d\u0435\u0434\u0432\u0438\u0436\u0438\u043c\u043e\u0441\u0442\u0438 \u0432\u043e \u043c\u043d\u043e\u0433\u0438\u0445 \u0441\u043b\u0443\u0447\u0430\u044f\u0445 \u043f\u0440\u0435\u0432\u044b\u0448\u0430\u0435\u0442 40%.  \u041d\u0435\u0432\u043e\u0437\u043c\u043e\u0436\u043d\u043e\u0441\u0442\u044c \u0440\u0435\u0430\u043b\u0438\u0437\u0430\u0446\u0438\u0438 \u043f\u0440\u0430\u0432\u0430 \u043f\u043e\u043b\u044c\u0437\u043e\u0432\u0430\u043d\u0438\u044f \u0438\u043c\u0443\u0449\u0435\u0441\u0442\u0432\u043e\u043c, \u043d\u0435\u0441\u043c\u043e\u0442\u0440\u044f \u043d\u0430 \u0443\u043f\u043b\u0430\u0442\u0443 \u043d\u0430\u043b\u043e\u0433\u043e\u0432, \u0432\u0437\u0438\u043c\u0430\u0435\u043c\u044b\u0445 \u0441 \u043d\u0435\u0433\u043e, \u043a\u0430\u043a \u0435\u0441\u043b\u0438 \u0431\u044b \u044d\u0442\u043e \u043f\u0440\u0430\u0432\u043e \u043d\u0435 \u0431\u044b\u043b\u043e \u043e\u0433\u0440\u0430\u043d\u0438\u0447\u0435\u043d\u043e. \u041c\u043e\u0440\u0430\u043b\u044c\u043d\u044b\u0439 \u0438 \u043f\u0441\u0438\u0445\u043e\u043b\u043e\u0433\u0438\u0447\u0435\u0441\u043a\u0438\u0439 \u0443\u0449\u0435\u0440\u0431, \u0447\u0430\u0441\u0442\u043e \u0432\u043e\u0437\u043d\u0438\u043a\u0430\u044e\u0449\u0438\u0439 \u0432 \u0440\u0435\u0437\u0443\u043b\u044c\u0442\u0430\u0442\u0435 \u043f\u0440\u0435\u0441\u043b\u0435\u0434\u043e\u0432\u0430\u043d\u0438\u0439, \u0443\u0433\u0440\u043e\u0437 \u0438\u043b\u0438 \u0432\u0430\u043d\u0434\u0430\u043b\u0438\u0437\u043c\u0430 \u0441\u043e \u0441\u0442\u043e\u0440\u043e\u043d\u044b \u0441\u043a\u0432\u043e\u0442\u0442\u0435\u0440\u043e\u0432, \u0432\u044b\u0437\u044b\u0432\u0430\u0435\u0442 \u0441\u043e\u0441\u0442\u043e\u044f\u043d\u0438\u044f \u0434\u0435\u043f\u0440\u0435\u0441\u0441\u0438\u0438 \u0438 \u0441\u0442\u0440\u0435\u0441\u0441\u0430, \u0432\u043e \u043c\u043d\u043e\u0433\u0438\u0445 \u0441\u043b\u0443\u0447\u0430\u044f\u0445 \u0441 \u0441\u0435\u0440\u044c\u0435\u0437\u043d\u044b\u043c\u0438 \u043f\u043e\u0441\u043b\u0435\u0434\u0441\u0442\u0432\u0438\u044f\u043c\u0438.<\/p>\n<p>\u0412\u0441\u0435 \u044d\u0442\u0438 \u043d\u0435\u0443\u0434\u043e\u0431\u0441\u0442\u0432\u0430 \u0434\u043e\u043b\u0436\u043d\u044b \u0431\u044b\u0442\u044c \u0443\u0441\u0442\u0440\u0430\u043d\u0435\u043d\u044b. \u0410\u0434\u043c\u0438\u043d\u0438\u0441\u0442\u0440\u0430\u0446\u0438\u044f \u043d\u0435\u0441\u0435\u0442 \u043e\u0442\u0432\u0435\u0442\u0441\u0442\u0432\u0435\u043d\u043d\u043e\u0441\u0442\u044c \u0441 \u043c\u043e\u043c\u0435\u043d\u0442\u0430, \u043a\u043e\u0433\u0434\u0430 \u043e\u043d\u0430 \u0432\u043e\u0437\u0434\u0435\u0440\u0436\u0438\u0432\u0430\u0435\u0442\u0441\u044f \u043e\u0442 \u0441\u0432\u043e\u0438\u0445 \u043e\u0431\u044f\u0437\u0430\u043d\u043d\u043e\u0441\u0442\u0435\u0439, \u043e\u0442\u043a\u0430\u0437\u044b\u0432\u0430\u044f\u0441\u044c \u043e\u0442 \u0433\u0440\u0430\u0436\u0434\u0430\u043d, \u043f\u0440\u0430\u0432\u0430 \u043a\u043e\u0442\u043e\u0440\u044b\u0445 \u043d\u0430\u0440\u0443\u0448\u0435\u043d\u044b. \u0411\u043e\u043b\u0435\u0435 \u0442\u043e\u0433\u043e, \u043e\u043d\u0438 \u0441\u0442\u0430\u043b\u0438 \u043e\u0442\u0440\u0438\u0446\u0430\u0442\u044c \u0441\u0443\u0449\u0435\u0441\u0442\u0432\u043e\u0432\u0430\u043d\u0438\u0435 \u043f\u043e\u0441\u0442\u0440\u0430\u0434\u0430\u0432\u0448\u0438\u0445, \u043f\u0440\u043e\u044f\u0432\u043b\u044f\u044f \u0430\u0431\u0441\u043e\u043b\u044e\u0442\u043d\u043e\u0435 \u043f\u0440\u0435\u0437\u0440\u0435\u043d\u0438\u0435 \u043a \u0436\u0435\u0440\u0442\u0432\u0430\u043c \u0441\u0430\u043c\u043e\u0437\u0430\u0445\u0432\u0430\u0442\u0430.<\/p>\n\n\t\t<\/div>\n\t<\/div>\n<div class=\"vc_empty_space\"   style=\"height: 30px\"><span class=\"vc_empty_space_inner\"><\/span><\/div>\n\t\t<\/div> <!-- END .wpb_wrapper -->\n\t<\/div> <!-- END  wpb_column vc_column_container  -->\n<\/div><div class=\"vc_row-full-width vc_clearfix\"><\/div><\/div><div  class=\"ivan-custom-wrapper theme_default row-no-custom-ptop\"  style=\"\"><div class=\"vc_row wpb_row vc_row-fluid\">\n\t<div class=\"vc_col-sm-12 wpb_column vc_column_container\"  data-wow-delay=\"0ms\">\n\t\t<div class=\"wpb_wrapper\">\n\t\t\t<div class=\"vc_empty_space\"   style=\"height: 100px\"><span class=\"vc_empty_space_inner\"><\/span><\/div>\n\t\t<\/div> <!-- END .wpb_wrapper -->\n\t<\/div> <!-- END  wpb_column vc_column_container  -->\n<\/div><\/div><div  class=\"ivan-custom-wrapper theme_default row-no-custom-ptop\"  style=\"margin-bottom: 0px;\"><div data-vc-full-width=\"true\" data-vc-full-width-init=\"false\" data-vc-stretch-content=\"true\" class=\"vc_row wpb_row vc_row-fluid vc_custom_1632524784396 vc_row-o-equal-height vc_row-flex\">\n\t<div class=\"vc_col-sm-4 wpb_column vc_column_container  wow animated fadeInUp vc_custom_1617298721700\"  data-wow-delay=\"0ms\" data-wow-iteration=\"1\" >\n\t\t<div class=\"wpb_wrapper\">\n\t\t\t<a href=\"https:\/\/aeko.es\/ru\/colabora\/donaciones\/\" title=\"\" target=\"_self\" class=\"ivan-promo-box vc_1654033337257  vc_custom_1654033337257\"  data-wow-delay=\"0ms\" data-wow-iteration=\"1\" ><div class=\"overlay dark-overlay\"><\/div><p><\/p><h3>\u041f\u043e\u0434\u0434\u0435\u0440\u0436\u0438\u0442\u0435 \u043d\u0430\u0448\u0443 \u0434\u0435\u044f\u0442\u0435\u043b\u044c\u043d\u043e\u0441\u0442\u044c<\/h3><span aria-hidden=\"true\" class=\"arrow_right promo-box-icon\"><\/span><\/a>\n\t\t<\/div> <!-- END .wpb_wrapper -->\n\t<\/div> <!-- END  wpb_column vc_column_container  wow animated fadeInUp -->\n\n\t<div class=\"vc_col-sm-4 wpb_column vc_column_container  wow animated fadeInUp vc_custom_1617298728239\"  data-wow-delay=\"100ms\" data-wow-iteration=\"1\" >\n\t\t<div class=\"wpb_wrapper\">\n\t\t\t<a href=\"https:\/\/aeko.es\/ru\/contacto\/\" title=\"\" target=\"_self\" class=\"ivan-promo-box vc_1654033356275  vc_custom_1654033356275\"  data-wow-delay=\"0ms\" data-wow-iteration=\"1\" ><div class=\"overlay dark-overlay\"><\/div><p><\/p><h3>\u0420\u0430\u0441\u0441\u043a\u0430\u0436\u0438\u0442\u0435 \u043d\u0430\u043c \u0432\u0430\u0448 \u0441\u043b\u0443\u0447\u0430\u0439<\/h3><span aria-hidden=\"true\" class=\"arrow_right promo-box-icon\"><\/span><\/a>\n\t\t<\/div> <!-- END .wpb_wrapper -->\n\t<\/div> <!-- END  wpb_column vc_column_container  wow animated fadeInUp -->\n\n\t<div class=\"vc_col-sm-4 wpb_column vc_column_container  wow animated fadeInUp vc_custom_1617298738719\"  data-wow-delay=\"200ms\" data-wow-iteration=\"1\" >\n\t\t<div class=\"wpb_wrapper\">\n\t\t\t<a href=\"https:\/\/aeko.es\/ru\/colabora\/hazte-socio\/\" title=\"Services 02\" target=\"_self\" class=\"ivan-promo-box vc_1654033373379  vc_custom_1654033373379\"  data-wow-delay=\"0ms\" data-wow-iteration=\"1\" ><div class=\"overlay dark-overlay\"><\/div><p><\/p><h3>\u0421\u0442\u0430\u043d\u044c \u043f\u0430\u0440\u0442\u043d\u0435\u0440\u043e\u043c<\/h3><span aria-hidden=\"true\" class=\"arrow_right promo-box-icon\"><\/span><\/a>\n\t\t<\/div> <!-- END .wpb_wrapper -->\n\t<\/div> <!-- END  wpb_column vc_column_container  wow animated fadeInUp -->\n<\/div><div class=\"vc_row-full-width vc_clearfix\"><\/div><\/div><div  class=\"ivan-custom-wrapper theme_default row-no-custom-ptop\"  style=\"\"><div class=\"vc_row wpb_row vc_row-fluid\">\n\t<div class=\"vc_col-sm-12 wpb_column vc_column_container\"  data-wow-delay=\"0ms\">\n\t\t<div class=\"wpb_wrapper\">\n\t\t\t<div class=\"vc_empty_space\"   style=\"height: 100px\"><span class=\"vc_empty_space_inner\"><\/span><\/div>\n\t\t<\/div> <!-- END .wpb_wrapper -->\n\t<\/div> <!-- END  wpb_column vc_column_container  -->\n<\/div><\/div>","protected":false},"excerpt":{"rendered":"Nuestros objetivos son: 1. Conseguir la reforma legislativa que acabe con la okupaci\u00f3n. 2. Conseguir la reparaci\u00f3n de los da\u00f1os causados por la okupaci\u00f3n. 3. Asesorar y dar apoyo a los afectados por la okupaci\u00f3n. 4. Enfrentar el discurso okupa. Los afectados por la okupaci\u00f3n ya no est\u00e1n solos. Vamos a mover todos los mecanismos [...]","protected":false},"author":1,"featured_media":0,"parent":0,"menu_order":0,"comment_status":"closed","ping_status":"closed","template":"","meta":[],"_links":{"self":[{"href":"https:\/\/aeko.es\/ru\/wp-json\/wp\/v2\/pages\/1354"}],"collection":[{"href":"https:\/\/aeko.es\/ru\/wp-json\/wp\/v2\/pages"}],"about":[{"href":"https:\/\/aeko.es\/ru\/wp-json\/wp\/v2\/types\/page"}],"author":[{"embeddable":true,"href":"https:\/\/aeko.es\/ru\/wp-json\/wp\/v2\/users\/1"}],"replies":[{"embeddable":true,"href":"https:\/\/aeko.es\/ru\/wp-json\/wp\/v2\/comments?post=1354"}],"version-history":[{"count":30,"href":"https:\/\/aeko.es\/ru\/wp-json\/wp\/v2\/pages\/1354\/revisions"}],"predecessor-version":[{"id":7411,"href":"https:\/\/aeko.es\/ru\/wp-json\/wp\/v2\/pages\/1354\/revisions\/7411"}],"wp:attachment":[{"href":"https:\/\/aeko.es\/ru\/wp-json\/wp\/v2\/media?parent=1354"}],"curies":[{"name":"wp","href":"https:\/\/api.w.org\/{rel}","templated":true}]}}